{"id":5718,"date":"2025-08-19T10:12:19","date_gmt":"2025-08-19T15:12:19","guid":{"rendered":"https:\/\/ronaldmcdonaldhousemaritimes.ca\/?page_id=5718"},"modified":"2025-11-26T15:45:23","modified_gmt":"2025-11-26T21:45:23","slug":"nous-joindre","status":"publish","type":"page","link":"https:\/\/ronaldmcdonaldhousemaritimes.ca\/fr\/nous-joindre\/","title":{"rendered":"Nous joindre"},"content":{"rendered":"\t\t<div data-elementor-type=\"wp-page\" data-elementor-id=\"5718\" class=\"elementor elementor-5718 elementor-2611\" data-elementor-post-type=\"page\">\n\t\t\t\t<div class=\"elementor-element elementor-element-32f2f346 e-con-full e-flex e-con e-parent\" data-id=\"32f2f346\" data-element_type=\"container\">\n\t\t\t\t<div class=\"elementor-element elementor-element-60f11c8e elementor-widget__width-initial elementor-hidden-mobile elementor-widget elementor-widget-image\" data-id=\"60f11c8e\" data-element_type=\"widget\" data-widget_type=\"image.default\">\n\t\t\t\t\t\t\t\t\t\t\t\t\t\t\t<img fetchpriority=\"high\" decoding=\"async\" width=\"1450\" height=\"621\" src=\"https:\/\/ronaldmcdonaldhousemaritimes.ca\/wp-content\/uploads\/Volunteer-1-1.png\" class=\"attachment-full size-full wp-image-5717\" alt=\"\" srcset=\"https:\/\/ronaldmcdonaldhousemaritimes.ca\/wp-content\/uploads\/Volunteer-1-1.png 1450w, https:\/\/ronaldmcdonaldhousemaritimes.ca\/wp-content\/uploads\/Volunteer-1-1-150x64.png 150w, https:\/\/ronaldmcdonaldhousemaritimes.ca\/wp-content\/uploads\/Volunteer-1-1-768x329.png 768w\" sizes=\"(max-width: 1450px) 100vw, 1450px\" \/>\t\t\t\t\t\t\t\t\t\t\t\t\t\t\t<\/div>\n\t\t\t\t<\/div>\n\t\t<div class=\"elementor-element elementor-element-5aa3193d e-flex e-con-boxed e-con e-parent\" data-id=\"5aa3193d\" data-element_type=\"container\">\n\t\t\t\t\t<div class=\"e-con-inner\">\n\t\t<div class=\"elementor-element elementor-element-12488796 e-con-full e-flex e-con e-child\" data-id=\"12488796\" data-element_type=\"container\">\n\t\t\t\t<div class=\"elementor-element elementor-element-5a95d917 elementor-widget elementor-widget-heading\" data-id=\"5a95d917\" data-element_type=\"widget\" data-widget_type=\"heading.default\">\n\t\t\t\t\t<h2 class=\"elementor-heading-title elementor-size-default\">Nous joindre<\/h2>\t\t\t\t<\/div>\n\t\t\t\t<div class=\"elementor-element elementor-element-8a2b04e elementor-widget elementor-widget-text-editor\" data-id=\"8a2b04e\" data-element_type=\"widget\" data-widget_type=\"text-editor.default\">\n\t\t\t\t\t\t\t\t\t<p><span style=\"font-weight: 400;\">Que vous d\u00e9siriez faire du b\u00e9n\u00e9volat ou nous poser une question, nous serons heureux do vous r\u00e9pondre.<\/span><\/p><p><span style=\"font-weight: 400;\">Vous cherchez \u00e0 entrer en contact avec un membre de notre \u00e9quip<a href=\"\/fr\/about-us\/\">e<\/a>? <\/span><a href=\"\/fr\/a-notre-sujet\/notre-equipe\/\">Cliquez ici<\/a>!<\/p>\t\t\t\t\t\t\t\t<\/div>\n\t\t\t\t<\/div>\n\t\t<div class=\"elementor-element elementor-element-1c141229 e-con-full e-flex e-con e-child\" data-id=\"1c141229\" data-element_type=\"container\">\n\t\t\t\t<\/div>\n\t\t\t\t\t<\/div>\n\t\t\t\t<\/div>\n\t\t<div class=\"elementor-element elementor-element-7fc9c536 e-flex e-con-boxed e-con e-parent\" data-id=\"7fc9c536\" data-element_type=\"container\" data-settings=\"{&quot;background_background&quot;:&quot;classic&quot;}\">\n\t\t\t\t\t<div class=\"e-con-inner\">\n\t\t<div class=\"elementor-element elementor-element-78b3b32c e-con-full e-flex e-con e-child\" data-id=\"78b3b32c\" data-element_type=\"container\">\n\t\t\t\t<div class=\"elementor-element elementor-element-231dba1 elementor-widget elementor-widget-heading\" data-id=\"231dba1\" data-element_type=\"widget\" data-widget_type=\"heading.default\">\n\t\t\t\t\t<h2 class=\"elementor-heading-title elementor-size-default\">Maison Ronald McDonald de Halifax<\/h2>\t\t\t\t<\/div>\n\t\t\t\t<div class=\"elementor-element elementor-element-74b7d5a2 elementor-widget elementor-widget-text-editor\" data-id=\"74b7d5a2\" data-element_type=\"widget\" data-widget_type=\"text-editor.default\">\n\t\t\t\t\t\t\t\t\t<p>Situ\u00e9 \u00e0 1 minutes de marche du centre hospitalier IWK Health Centre<\/p><p>5950 South Street<br \/>Nouvelle-\u00c9cosse, B3H 1S6<\/p><p>Pour de plus amples renseignements ou pour fixer une visite:<br \/>T\u00e9l\u00e9phone : <a href=\"tel:902-429-4044\">902-429-4044<\/a><br \/>T\u00e9l\u00e9copieur : 902-429-8650<br \/><a href=\"mailto:house@ronaldmcdonaldhousemaritimes.ca\">house@ronaldmcdonaldhousemaritimes.ca<\/a><\/p>\t\t\t\t\t\t\t\t<\/div>\n\t\t\t\t<div class=\"elementor-element elementor-element-50f9025a elementor-mobile-align-justify squircle-btn elementor-widget elementor-widget-button\" data-id=\"50f9025a\" data-element_type=\"widget\" data-widget_type=\"button.default\">\n\t\t\t\t\t\t\t\t\t\t<a class=\"elementor-button elementor-button-link elementor-size-sm\" href=\"https:\/\/ronaldmcdonaldhousemaritimes.ca\/fr\/nos-programmes\/sejour\/\">\n\t\t\t\t\t\t<span class=\"elementor-button-content-wrapper\">\n\t\t\t\t\t\t\t\t\t<span class=\"elementor-button-text\">En savoir plus!<\/span>\n\t\t\t\t\t<\/span>\n\t\t\t\t\t<\/a>\n\t\t\t\t\t\t\t\t<\/div>\n\t\t\t\t<\/div>\n\t\t<div class=\"elementor-element elementor-element-2780ed1f e-con-full e-flex e-con e-child\" data-id=\"2780ed1f\" data-element_type=\"container\">\n\t\t<div class=\"elementor-element elementor-element-c3bcbbc e-con-full e-flex e-con e-child\" data-id=\"c3bcbbc\" data-element_type=\"container\">\n\t\t\t\t<div class=\"elementor-element elementor-element-d4a5dc6 elementor-widget elementor-widget-google_maps\" data-id=\"d4a5dc6\" data-element_type=\"widget\" data-widget_type=\"google_maps.default\">\n\t\t\t\t\t\t\t<div class=\"elementor-custom-embed\">\n\t\t\t<iframe loading=\"lazy\"\n\t\t\t\t\tsrc=\"https:\/\/maps.google.com\/maps?q=Ronald%20Mcdonald%20House%205950%20South%20Street%2C%20Halifax%2C%20NS%20B3H%201S6&#038;t=m&#038;z=13&#038;output=embed&#038;iwloc=near\"\n\t\t\t\t\ttitle=\"Ronald Mcdonald House 5950 South Street, Halifax, NS B3H 1S6\"\n\t\t\t\t\taria-label=\"Ronald Mcdonald House 5950 South Street, Halifax, NS B3H 1S6\"\n\t\t\t><\/iframe>\n\t\t<\/div>\n\t\t\t\t\t\t<\/div>\n\t\t\t\t<\/div>\n\t\t\t\t<\/div>\n\t\t\t\t\t<\/div>\n\t\t\t\t<\/div>\n\t\t<div class=\"elementor-element elementor-element-388a483 e-flex e-con-boxed e-con e-parent\" data-id=\"388a483\" data-element_type=\"container\" data-settings=\"{&quot;background_background&quot;:&quot;classic&quot;}\">\n\t\t\t\t\t<div class=\"e-con-inner\">\n\t\t<div class=\"elementor-element elementor-element-03789e6 e-con-full e-flex e-con e-child\" data-id=\"03789e6\" data-element_type=\"container\">\n\t\t\t\t<div class=\"elementor-element elementor-element-8f26816 elementor-widget elementor-widget-heading\" data-id=\"8f26816\" data-element_type=\"widget\" data-widget_type=\"heading.default\">\n\t\t\t\t\t<h2 class=\"elementor-heading-title elementor-size-default\">Salle familiale Maison Ronald McDonald de Halifax<\/h2>\t\t\t\t<\/div>\n\t\t\t\t<div class=\"elementor-element elementor-element-f1847cf elementor-widget elementor-widget-text-editor\" data-id=\"f1847cf\" data-element_type=\"widget\" data-widget_type=\"text-editor.default\">\n\t\t\t\t\t\t\t\t\t<p>Situ\u00e9e \u00e0 l\u2019int\u00e9rieur du centre hospitalier IWK Health Centre<\/p><p>IWK Health Centre 5850\/5980 University Avenue P.O. Box 9700 Halifax, Nouvelle-\u00c9cosse, B3K 6R8<\/p><p>Pour de plus amples renseignements ou pour fixer une visite:<br \/>T\u00e9l\u00e9phone : <a href=\"tel:902-470-6391\">902-470-6391<\/a><br \/>T\u00e9l\u00e9copieur : 902-470-6394<br \/><a href=\"mailto:halifaxfamilyroom@ronaldmcdonaldhousemaritimes.ca\">halifaxfamilyroom@ronaldmcdonaldhousemaritimes.ca<\/a><\/p>\t\t\t\t\t\t\t\t<\/div>\n\t\t\t\t<div class=\"elementor-element elementor-element-b52c1d9 elementor-mobile-align-justify squircle-btn elementor-widget elementor-widget-button\" data-id=\"b52c1d9\" data-element_type=\"widget\" data-widget_type=\"button.default\">\n\t\t\t\t\t\t\t\t\t\t<a class=\"elementor-button elementor-button-link elementor-size-sm\" href=\"https:\/\/ronaldmcdonaldhousemaritimes.ca\/fr\/nos-programmes\/salle-familiale-de-halifax\/\">\n\t\t\t\t\t\t<span class=\"elementor-button-content-wrapper\">\n\t\t\t\t\t\t\t\t\t<span class=\"elementor-button-text\">En savoir plus!<\/span>\n\t\t\t\t\t<\/span>\n\t\t\t\t\t<\/a>\n\t\t\t\t\t\t\t\t<\/div>\n\t\t\t\t<\/div>\n\t\t<div class=\"elementor-element elementor-element-e6617f4 e-con-full e-flex e-con e-child\" data-id=\"e6617f4\" data-element_type=\"container\">\n\t\t<div class=\"elementor-element elementor-element-e9c2700 e-con-full e-flex e-con e-child\" data-id=\"e9c2700\" data-element_type=\"container\">\n\t\t\t\t<div class=\"elementor-element elementor-element-63c6396 elementor-widget elementor-widget-google_maps\" data-id=\"63c6396\" data-element_type=\"widget\" data-widget_type=\"google_maps.default\">\n\t\t\t\t\t\t\t<div class=\"elementor-custom-embed\">\n\t\t\t<iframe loading=\"lazy\"\n\t\t\t\t\tsrc=\"https:\/\/maps.google.com\/maps?q=%20IWK%20Health%20Centre%205880%20University%20Avenue%20P.O.%20Halifax%2C%20NS%2C%20B3K%206R8&#038;t=m&#038;z=10&#038;output=embed&#038;iwloc=near\"\n\t\t\t\t\ttitle=\" IWK Health Centre 5880 University Avenue P.O. Halifax, NS, B3K 6R8\"\n\t\t\t\t\taria-label=\" IWK Health Centre 5880 University Avenue P.O. Halifax, NS, B3K 6R8\"\n\t\t\t><\/iframe>\n\t\t<\/div>\n\t\t\t\t\t\t<\/div>\n\t\t\t\t<\/div>\n\t\t\t\t<\/div>\n\t\t\t\t\t<\/div>\n\t\t\t\t<\/div>\n\t\t<div class=\"elementor-element elementor-element-753cab8 e-flex e-con-boxed e-con e-parent\" data-id=\"753cab8\" data-element_type=\"container\" data-settings=\"{&quot;background_background&quot;:&quot;classic&quot;}\">\n\t\t\t\t\t<div class=\"e-con-inner\">\n\t\t<div class=\"elementor-element elementor-element-038cdcb e-con-full e-flex e-con e-child\" data-id=\"038cdcb\" data-element_type=\"container\">\n\t\t\t\t<div class=\"elementor-element elementor-element-65d8682 elementor-widget elementor-widget-heading\" data-id=\"65d8682\" data-element_type=\"widget\" data-widget_type=\"heading.default\">\n\t\t\t\t\t<h2 class=\"elementor-heading-title elementor-size-default\">Salle familiale Ronald McDonald de Moncton<\/h2>\t\t\t\t<\/div>\n\t\t\t\t<div class=\"elementor-element elementor-element-ddb45f7 elementor-widget elementor-widget-text-editor\" data-id=\"ddb45f7\" data-element_type=\"widget\" data-widget_type=\"text-editor.default\">\n\t\t\t\t\t\t\t\t\t<p>Situ\u00e9e \u00e0 l\u2019int\u00e9rieur de l\u2019H\u00f4pital de Moncton<\/p><p>H\u00f4pital de Moncton Mezzanine <br \/>2e \u00e9tage 135 MacBeath Avenue<br \/>Moncton, Nouveau-Brunswick, E1C 6Z8<\/p><p>Pour de plus amples renseignements ou pour fixer une visite:<br \/>T\u00e9l\u00e9phone : <a href=\"tel:506-867-6582\">506-867-6582<\/a><br \/>monctonfamilyroom@rmhatlantic.ca<\/p>\t\t\t\t\t\t\t\t<\/div>\n\t\t\t\t<div class=\"elementor-element elementor-element-a669883 elementor-mobile-align-justify squircle-btn elementor-widget elementor-widget-button\" data-id=\"a669883\" data-element_type=\"widget\" data-widget_type=\"button.default\">\n\t\t\t\t\t\t\t\t\t\t<a class=\"elementor-button elementor-button-link elementor-size-sm\" href=\"https:\/\/ronaldmcdonaldhousemaritimes.ca\/fr\/nos-programmes\/salle-familiale-de-moncton\/\">\n\t\t\t\t\t\t<span class=\"elementor-button-content-wrapper\">\n\t\t\t\t\t\t\t\t\t<span class=\"elementor-button-text\">En savoir plus!<\/span>\n\t\t\t\t\t<\/span>\n\t\t\t\t\t<\/a>\n\t\t\t\t\t\t\t\t<\/div>\n\t\t\t\t<\/div>\n\t\t<div class=\"elementor-element elementor-element-f4f6c31 e-con-full e-flex e-con e-child\" data-id=\"f4f6c31\" data-element_type=\"container\">\n\t\t<div class=\"elementor-element elementor-element-c40e078 e-con-full e-flex e-con e-child\" data-id=\"c40e078\" data-element_type=\"container\">\n\t\t\t\t<div class=\"elementor-element elementor-element-108d5f6 elementor-widget elementor-widget-google_maps\" data-id=\"108d5f6\" data-element_type=\"widget\" data-widget_type=\"google_maps.default\">\n\t\t\t\t\t\t\t<div class=\"elementor-custom-embed\">\n\t\t\t<iframe loading=\"lazy\"\n\t\t\t\t\tsrc=\"https:\/\/maps.google.com\/maps?q=The%20Moncton%20Hospital%202nd%20Floor%20Mezzanine%20135%20MacBeath%20Ave.%20Moncton%2C%20NB%2C%20E1C%206Z8&#038;t=m&#038;z=10&#038;output=embed&#038;iwloc=near\"\n\t\t\t\t\ttitle=\"The Moncton Hospital 2nd Floor Mezzanine 135 MacBeath Ave. Moncton, NB, E1C 6Z8\"\n\t\t\t\t\taria-label=\"The Moncton Hospital 2nd Floor Mezzanine 135 MacBeath Ave. Moncton, NB, E1C 6Z8\"\n\t\t\t><\/iframe>\n\t\t<\/div>\n\t\t\t\t\t\t<\/div>\n\t\t\t\t<\/div>\n\t\t\t\t<\/div>\n\t\t\t\t\t<\/div>\n\t\t\t\t<\/div>\n\t\t<div class=\"elementor-element elementor-element-1240b6c e-con-full e-flex e-con e-parent\" data-id=\"1240b6c\" data-element_type=\"container\">\n\t\t<div class=\"elementor-element elementor-element-5b0ddc5 e-con-full e-flex e-con e-child\" data-id=\"5b0ddc5\" data-element_type=\"container\" data-settings=\"{&quot;background_background&quot;:&quot;classic&quot;}\">\n\t\t<div class=\"elementor-element elementor-element-154c08b e-con-full e-flex e-con e-child\" data-id=\"154c08b\" data-element_type=\"container\">\n\t\t\t\t<div class=\"elementor-element elementor-element-8ad0938 elementor-widget elementor-widget-html\" data-id=\"8ad0938\" data-element_type=\"widget\" data-widget_type=\"html.default\">\n\t\t\t\t\t<!-- Begin Constant Contact Inline Form Code -->\n<div class=\"ctct-inline-form\" data-form-id=\"0d88ae06-ec6b-4e70-af38-d68db87c2596\"><\/div>\n<!-- End Constant Contact Inline Form Code -->\n\n<style>\n .ctct-form-embed.form_0 .ctct-form-defaults {\n  background: #FFBC0D;\n  color: black;\n\n}   \n    \n<\/style>\t\t\t\t<\/div>\n\t\t\t\t<\/div>\n\t\t<div class=\"elementor-element elementor-element-184fd70 e-con-full e-flex e-con e-child\" data-id=\"184fd70\" data-element_type=\"container\">\n\t\t\t\t<div class=\"elementor-element elementor-element-2bc5a77 elementor-widget elementor-widget-heading\" data-id=\"2bc5a77\" data-element_type=\"widget\" data-widget_type=\"heading.default\">\n\t\t\t\t\t<h2 class=\"elementor-heading-title elementor-size-default\"><h2 data-elementor-setting-key=\"title\" data-pen-placeholder=\"Type Here...\" style=\", sans-serif;font-weight: 400;line-height: 38.4px;font-size: 32px;letter-spacing: -0.2px\">Suivez nous!<span style=\"letter-spacing: -0.2px\"><\/span><\/h2><\/h2>\t\t\t\t<\/div>\n\t\t<div class=\"elementor-element elementor-element-70e8588 e-con-full e-flex e-con e-child\" data-id=\"70e8588\" data-element_type=\"container\">\n\t\t\t\t<div class=\"elementor-element elementor-element-fc885d4 elementor-widget elementor-widget-image\" data-id=\"fc885d4\" data-element_type=\"widget\" data-widget_type=\"image.default\">\n\t\t\t\t\t\t\t\t\t\t\t\t\t\t\t\t<a href=\"https:\/\/www.linkedin.com\/company\/ronaldmcdonaldhousemaritimes\">\n\t\t\t\t\t\t\t<img decoding=\"async\" src=\"https:\/\/ronaldmcdonaldhousemaritimes.ca\/wp-content\/uploads\/RMHC_Social_Icon_Linked_In.svg\" title=\"RMHC_Social_Icon_Linked_In\" alt=\"Ic\u00f4ne de m\u00e9dias sociaux dessin\u00e9e \u00e0 la main pour RMH linked in\" class=\"elementor-animation-pulse\" loading=\"lazy\" \/>\t\t\t\t\t\t\t\t<\/a>\n\t\t\t\t\t\t\t\t\t\t\t\t\t\t\t<\/div>\n\t\t\t\t<div class=\"elementor-element elementor-element-68be47c social-icon-svg elementor-widget elementor-widget-image\" data-id=\"68be47c\" data-element_type=\"widget\" data-widget_type=\"image.default\">\n\t\t\t\t\t\t\t\t\t\t\t\t\t\t\t\t<a href=\"https:\/\/www.facebook.com\/RonaldMcDonaldHouseMaritimes\/\">\n\t\t\t\t\t\t\t<img decoding=\"async\" src=\"https:\/\/ronaldmcdonaldhousemaritimes.ca\/wp-content\/uploads\/RMHC_Social_Icon_Facebook.svg\" title=\"RMHC_Social_Icon_Facebook\" alt=\"Ic\u00f4ne de m\u00e9dias sociaux dessin\u00e9e \u00e0 la main pour RMH face book\" class=\"elementor-animation-pulse\" loading=\"lazy\" \/>\t\t\t\t\t\t\t\t<\/a>\n\t\t\t\t\t\t\t\t\t\t\t\t\t\t\t<\/div>\n\t\t\t\t<div class=\"elementor-element elementor-element-ca21b2b elementor-widget elementor-widget-image\" data-id=\"ca21b2b\" data-element_type=\"widget\" data-widget_type=\"image.default\">\n\t\t\t\t\t\t\t\t\t\t\t\t\t\t\t\t<a href=\"https:\/\/www.instagram.com\/ronaldmcdonaldhousemaritimes\/#\">\n\t\t\t\t\t\t\t<img decoding=\"async\" src=\"https:\/\/ronaldmcdonaldhousemaritimes.ca\/wp-content\/uploads\/RMHC_Social_Icon_Instagram.svg\" title=\"RMHC_Social_Icon_Instagram\" alt=\"Ic\u00f4ne de m\u00e9dias sociaux dessin\u00e9e \u00e0 la main pour RMH instagram\" class=\"elementor-animation-pulse\" loading=\"lazy\" \/>\t\t\t\t\t\t\t\t<\/a>\n\t\t\t\t\t\t\t\t\t\t\t\t\t\t\t<\/div>\n\t\t\t\t<\/div>\n\t\t\t\t<\/div>\n\t\t\t\t<\/div>\n\t\t\t\t<\/div>\n\t\t\t\t<\/div>\n\t\t","protected":false},"excerpt":{"rendered":"<p>Nous joindre Que vous d\u00e9siriez faire du b\u00e9n\u00e9volat ou nous poser une question, nous serons heureux do vous r\u00e9pondre. Vous cherchez \u00e0 entrer en contact avec un membre de notre \u00e9quipe? Cliquez ici! Maison Ronald McDonald de Halifax Situ\u00e9 \u00e0 1 minutes de marche du centre hospitalier IWK Health Centre 5950 South StreetNouvelle-\u00c9cosse, B3H 1S6 [&hellip;]<\/p>\n","protected":false},"author":10,"featured_media":0,"parent":0,"menu_order":0,"comment_status":"closed","ping_status":"closed","template":"","meta":{"footnotes":""},"class_list":["post-5718","page","type-page","status-publish","hentry"],"_links":{"self":[{"href":"https:\/\/ronaldmcdonaldhousemaritimes.ca\/fr\/wp-json\/wp\/v2\/pages\/5718","targetHints":{"allow":["GET"]}}],"collection":[{"href":"https:\/\/ronaldmcdonaldhousemaritimes.ca\/fr\/wp-json\/wp\/v2\/pages"}],"about":[{"href":"https:\/\/ronaldmcdonaldhousemaritimes.ca\/fr\/wp-json\/wp\/v2\/types\/page"}],"author":[{"embeddable":true,"href":"https:\/\/ronaldmcdonaldhousemaritimes.ca\/fr\/wp-json\/wp\/v2\/users\/10"}],"replies":[{"embeddable":true,"href":"https:\/\/ronaldmcdonaldhousemaritimes.ca\/fr\/wp-json\/wp\/v2\/comments?post=5718"}],"version-history":[{"count":0,"href":"https:\/\/ronaldmcdonaldhousemaritimes.ca\/fr\/wp-json\/wp\/v2\/pages\/5718\/revisions"}],"wp:attachment":[{"href":"https:\/\/ronaldmcdonaldhousemaritimes.ca\/fr\/wp-json\/wp\/v2\/media?parent=5718"}],"curies":[{"name":"wp","href":"https:\/\/api.w.org\/{rel}","templated":true}]}}