{"id":6084,"date":"2025-10-07T13:35:16","date_gmt":"2025-10-07T18:35:16","guid":{"rendered":"https:\/\/ronaldmcdonaldhousemaritimes.ca\/?page_id=6084"},"modified":"2025-11-26T15:18:25","modified_gmt":"2025-11-26T21:18:25","slug":"classique-de-golf","status":"publish","type":"page","link":"https:\/\/ronaldmcdonaldhousemaritimes.ca\/fr\/classique-de-golf\/","title":{"rendered":"Classique de golf"},"content":{"rendered":"\t\t<div data-elementor-type=\"wp-page\" data-elementor-id=\"6084\" class=\"elementor elementor-6084 elementor-5013\" data-elementor-post-type=\"page\">\n\t\t\t\t<div class=\"elementor-element elementor-element-29cad540 e-con-full e-flex e-con e-parent\" data-id=\"29cad540\" data-element_type=\"container\">\n\t\t\t\t<div class=\"elementor-element elementor-element-7b45e898 elementor-widget__width-initial elementor-hidden-mobile elementor-widget elementor-widget-image\" data-id=\"7b45e898\" data-element_type=\"widget\" data-widget_type=\"image.default\">\n\t\t\t\t\t\t\t\t\t\t\t\t\t\t\t<img fetchpriority=\"high\" decoding=\"async\" width=\"1450\" height=\"620\" src=\"https:\/\/ronaldmcdonaldhousemaritimes.ca\/wp-content\/uploads\/Golf-3-1450.png\" class=\"attachment-full size-full wp-image-6077\" alt=\"\" srcset=\"https:\/\/ronaldmcdonaldhousemaritimes.ca\/wp-content\/uploads\/Golf-3-1450.png 1450w, https:\/\/ronaldmcdonaldhousemaritimes.ca\/wp-content\/uploads\/Golf-3-1450-150x64.png 150w, https:\/\/ronaldmcdonaldhousemaritimes.ca\/wp-content\/uploads\/Golf-3-1450-768x328.png 768w\" sizes=\"(max-width: 1450px) 100vw, 1450px\" \/>\t\t\t\t\t\t\t\t\t\t\t\t\t\t\t<\/div>\n\t\t\t\t<div class=\"elementor-element elementor-element-82bbe07 elementor-hidden-desktop elementor-hidden-tablet elementor-widget elementor-widget-image\" data-id=\"82bbe07\" data-element_type=\"widget\" data-widget_type=\"image.default\">\n\t\t\t\t\t\t\t\t\t\t\t\t\t\t\t<img decoding=\"async\" width=\"1000\" height=\"850\" src=\"https:\/\/ronaldmcdonaldhousemaritimes.ca\/wp-content\/uploads\/Golf-3-1000.png\" class=\"attachment-full size-full wp-image-6078\" alt=\"\" srcset=\"https:\/\/ronaldmcdonaldhousemaritimes.ca\/wp-content\/uploads\/Golf-3-1000.png 1000w, https:\/\/ronaldmcdonaldhousemaritimes.ca\/wp-content\/uploads\/Golf-3-1000-150x128.png 150w, https:\/\/ronaldmcdonaldhousemaritimes.ca\/wp-content\/uploads\/Golf-3-1000-768x653.png 768w\" sizes=\"(max-width: 1000px) 100vw, 1000px\" \/>\t\t\t\t\t\t\t\t\t\t\t\t\t\t\t<\/div>\n\t\t\t\t<\/div>\n\t\t<div class=\"elementor-element elementor-element-423e7de0 e-con-full e-flex e-con e-parent\" data-id=\"423e7de0\" data-element_type=\"container\">\n\t\t<div class=\"elementor-element elementor-element-613f87f3 e-con-full e-flex e-con e-child\" data-id=\"613f87f3\" data-element_type=\"container\">\n\t\t\t\t<div class=\"elementor-element elementor-element-6a41968d elementor-widget elementor-widget-heading\" data-id=\"6a41968d\" data-element_type=\"widget\" data-widget_type=\"heading.default\">\n\t\t\t\t\t<h1 class=\"elementor-heading-title elementor-size-default\">Annual Golf Classic Tournament\n<\/h1>\t\t\t\t<\/div>\n\t\t\t\t<div class=\"elementor-element elementor-element-3f771525 elementor-widget elementor-widget-text-editor\" data-id=\"3f771525\" data-element_type=\"widget\" data-widget_type=\"text-editor.default\">\n\t\t\t\t\t\t\t\t\t<p>Thank you to our 2025 Supporters &#8211; Stay tuned for our 2026 date!<\/p>\t\t\t\t\t\t\t\t<\/div>\n\t\t\t\t<\/div>\n\t\t<div class=\"elementor-element elementor-element-118f1c8c e-con-full e-flex e-con e-child\" data-id=\"118f1c8c\" data-element_type=\"container\">\n\t\t\t\t<\/div>\n\t\t\t\t<\/div>\n\t\t<div class=\"elementor-element elementor-element-6c997d2b e-flex e-con-boxed e-con e-parent\" data-id=\"6c997d2b\" data-element_type=\"container\" data-settings=\"{&quot;background_background&quot;:&quot;classic&quot;}\">\n\t\t\t\t\t<div class=\"e-con-inner\">\n\t\t<div class=\"elementor-element elementor-element-235b3e35 e-con-full e-flex e-con e-child\" data-id=\"235b3e35\" data-element_type=\"container\">\n\t\t\t\t<div class=\"elementor-element elementor-element-6649d604 elementor-widget elementor-widget-text-editor\" data-id=\"6649d604\" data-element_type=\"widget\" data-widget_type=\"text-editor.default\">\n\t\t\t\t\t\t\t\t\t<p>We\u2019re pleased to share that our 2025 Golf Classic raised $170,000+ in support of Maritime families traveling for their sick child\u2019s hospital care. Thank you to all of the golfers, volunteers, and sponsors who helped make this event a success!<\/p><p>This event continues to be an impactful annual fundraiser for Ronald McDonald House Maritimes, and is also a great opportunity to spend the day with our sponsors, suppliers, teams, and the many volunteers who make this event possible.<\/p>\t\t\t\t\t\t\t\t<\/div>\n\t\t\t\t<\/div>\n\t\t<div class=\"elementor-element elementor-element-2b6789c1 e-con-full e-flex e-con e-child\" data-id=\"2b6789c1\" data-element_type=\"container\">\n\t\t\t\t<div class=\"elementor-element elementor-element-8f16ce7 elementor-widget elementor-widget-image\" data-id=\"8f16ce7\" data-element_type=\"widget\" data-widget_type=\"image.default\">\n\t\t\t\t\t\t\t\t\t\t\t\t\t\t\t<img decoding=\"async\" width=\"1000\" height=\"850\" src=\"https:\/\/ronaldmcdonaldhousemaritimes.ca\/wp-content\/uploads\/Golf-1-1000.png\" class=\"attachment-full size-full wp-image-6079\" alt=\"\" srcset=\"https:\/\/ronaldmcdonaldhousemaritimes.ca\/wp-content\/uploads\/Golf-1-1000.png 1000w, https:\/\/ronaldmcdonaldhousemaritimes.ca\/wp-content\/uploads\/Golf-1-1000-150x128.png 150w, https:\/\/ronaldmcdonaldhousemaritimes.ca\/wp-content\/uploads\/Golf-1-1000-768x653.png 768w\" sizes=\"(max-width: 1000px) 100vw, 1000px\" \/>\t\t\t\t\t\t\t\t\t\t\t\t\t\t\t<\/div>\n\t\t\t\t<\/div>\n\t\t\t\t\t<\/div>\n\t\t\t\t<\/div>\n\t\t<div class=\"elementor-element elementor-element-2f5c5de e-flex e-con-boxed e-con e-parent\" data-id=\"2f5c5de\" data-element_type=\"container\" data-settings=\"{&quot;background_background&quot;:&quot;classic&quot;}\">\n\t\t\t\t\t<div class=\"e-con-inner\">\n\t\t<div class=\"elementor-element elementor-element-9db1db5 e-con-full e-flex e-con e-child\" data-id=\"9db1db5\" data-element_type=\"container\">\n\t\t\t\t<div class=\"elementor-element elementor-element-8fb8c07 elementor-widget elementor-widget-text-editor\" data-id=\"8fb8c07\" data-element_type=\"widget\" data-widget_type=\"text-editor.default\">\n\t\t\t\t\t\t\t\t\t<p>Along with a golf tournament featuring on-course refreshments, activities, prizes, and more, our Golf Classic also includes an on-site breakfast to start the day, a silent auction, a reception where you\u2019ll hear from a Ronald McDonald House family, and much more.<\/p>\t\t\t\t\t\t\t\t<\/div>\n\t\t\t\t<\/div>\n\t\t<div class=\"elementor-element elementor-element-1db3661 e-con-full e-flex e-con e-child\" data-id=\"1db3661\" data-element_type=\"container\">\n\t\t\t\t<div class=\"elementor-element elementor-element-6b7cb1f elementor-widget elementor-widget-image\" data-id=\"6b7cb1f\" data-element_type=\"widget\" data-widget_type=\"image.default\">\n\t\t\t\t\t\t\t\t\t\t\t\t\t\t\t<img loading=\"lazy\" decoding=\"async\" width=\"1000\" height=\"850\" src=\"https:\/\/ronaldmcdonaldhousemaritimes.ca\/wp-content\/uploads\/MG_5719-1-1536x1154-1-1000.png\" class=\"attachment-full size-full wp-image-6080\" alt=\"\" srcset=\"https:\/\/ronaldmcdonaldhousemaritimes.ca\/wp-content\/uploads\/MG_5719-1-1536x1154-1-1000.png 1000w, https:\/\/ronaldmcdonaldhousemaritimes.ca\/wp-content\/uploads\/MG_5719-1-1536x1154-1-1000-150x128.png 150w, https:\/\/ronaldmcdonaldhousemaritimes.ca\/wp-content\/uploads\/MG_5719-1-1536x1154-1-1000-768x653.png 768w\" sizes=\"(max-width: 1000px) 100vw, 1000px\" \/>\t\t\t\t\t\t\t\t\t\t\t\t\t\t\t<\/div>\n\t\t\t\t<\/div>\n\t\t\t\t\t<\/div>\n\t\t\t\t<\/div>\n\t\t<div class=\"elementor-element elementor-element-e802166 e-flex e-con-boxed e-con e-parent\" data-id=\"e802166\" data-element_type=\"container\">\n\t\t\t\t\t<div class=\"e-con-inner\">\n\t\t<div class=\"elementor-element elementor-element-8928500 e-con-full e-flex e-con e-child\" data-id=\"8928500\" data-element_type=\"container\">\n\t\t\t\t<div class=\"elementor-element elementor-element-c13eed4 elementor-widget elementor-widget-heading\" data-id=\"c13eed4\" data-element_type=\"widget\" data-widget_type=\"heading.default\">\n\t\t\t\t\t<h2 class=\"elementor-heading-title elementor-size-default\">Presenting Sponsor<\/h2>\t\t\t\t<\/div>\n\t\t\t\t<div class=\"elementor-element elementor-element-aed8ebc elementor-widget elementor-widget-image\" data-id=\"aed8ebc\" data-element_type=\"widget\" data-widget_type=\"image.default\">\n\t\t\t\t\t\t\t\t\t\t\t\t\t\t\t<img decoding=\"async\" src=\"https:\/\/ronaldmcdonaldhousemaritimes.ca\/wp-content\/uploads\/McDs_SkinnyArches_4C_E-01-294x300-4-1.png\" title=\"McDs_SkinnyArches_4C_E-01-294&#215;300-4.png\" alt=\"McDs_SkinnyArches_4C_E-01-294x300-4.png\" loading=\"lazy\" \/>\t\t\t\t\t\t\t\t\t\t\t\t\t\t\t<\/div>\n\t\t\t\t<\/div>\n\t\t\t\t\t<\/div>\n\t\t\t\t<\/div>\n\t\t<div class=\"elementor-element elementor-element-5fa2af7 e-flex e-con-boxed e-con e-parent\" data-id=\"5fa2af7\" data-element_type=\"container\">\n\t\t\t\t\t<div class=\"e-con-inner\">\n\t\t<div class=\"elementor-element elementor-element-261a106 e-con-full e-flex e-con e-child\" data-id=\"261a106\" data-element_type=\"container\">\n\t\t\t\t<div class=\"elementor-element elementor-element-9ca733c elementor-widget elementor-widget-heading\" data-id=\"9ca733c\" data-element_type=\"widget\" data-widget_type=\"heading.default\">\n\t\t\t\t\t<h2 class=\"elementor-heading-title elementor-size-default\"><h2 data-elementor-setting-key=\"title\" data-pen-placeholder=\"Type Here...\" style=\", sans-serif;font-weight: 400;line-height: 38.4px;font-size: 32px;letter-spacing: -0.2px\">Family Sponsors<span style=\"letter-spacing: -0.2px\"><\/span><\/h2><\/h2>\t\t\t\t<\/div>\n\t\t\t\t<\/div>\n\t\t<div class=\"elementor-element elementor-element-be20780 e-con-full e-flex e-con e-child\" data-id=\"be20780\" data-element_type=\"container\">\n\t\t\t\t<div class=\"elementor-element elementor-element-780788b elementor-widget elementor-widget-image\" data-id=\"780788b\" data-element_type=\"widget\" data-widget_type=\"image.default\">\n\t\t\t\t\t\t\t\t\t\t\t\t\t\t\t<img loading=\"lazy\" decoding=\"async\" width=\"1080\" height=\"1080\" src=\"https:\/\/ronaldmcdonaldhousemaritimes.ca\/wp-content\/uploads\/black-mcdonald-logo-1.png\" class=\"attachment-large size-large wp-image-6845\" alt=\"\" srcset=\"https:\/\/ronaldmcdonaldhousemaritimes.ca\/wp-content\/uploads\/black-mcdonald-logo-1.png 1080w, https:\/\/ronaldmcdonaldhousemaritimes.ca\/wp-content\/uploads\/black-mcdonald-logo-1-150x150.png 150w, https:\/\/ronaldmcdonaldhousemaritimes.ca\/wp-content\/uploads\/black-mcdonald-logo-1-768x768.png 768w\" sizes=\"(max-width: 1080px) 100vw, 1080px\" \/>\t\t\t\t\t\t\t\t\t\t\t\t\t\t\t<\/div>\n\t\t\t\t<div class=\"elementor-element elementor-element-c8559a1 elementor-widget elementor-widget-heading\" data-id=\"c8559a1\" data-element_type=\"widget\" data-widget_type=\"heading.default\">\n\t\t\t\t\t<h2 class=\"elementor-heading-title elementor-size-default\">Black and McDonald<\/h2>\t\t\t\t<\/div>\n\t\t\t\t<\/div>\n\t\t<div class=\"elementor-element elementor-element-30c1866 e-con-full e-flex e-con e-child\" data-id=\"30c1866\" data-element_type=\"container\">\n\t\t\t\t<div class=\"elementor-element elementor-element-ef41562 elementor-widget elementor-widget-image\" data-id=\"ef41562\" data-element_type=\"widget\" data-widget_type=\"image.default\">\n\t\t\t\t\t\t\t\t\t\t\t\t\t\t\t<img loading=\"lazy\" decoding=\"async\" width=\"1080\" height=\"1080\" src=\"https:\/\/ronaldmcdonaldhousemaritimes.ca\/wp-content\/uploads\/mccain-1080x1080-1-1.png\" class=\"attachment-large size-large wp-image-6846\" alt=\"\" srcset=\"https:\/\/ronaldmcdonaldhousemaritimes.ca\/wp-content\/uploads\/mccain-1080x1080-1-1.png 1080w, https:\/\/ronaldmcdonaldhousemaritimes.ca\/wp-content\/uploads\/mccain-1080x1080-1-1-150x150.png 150w, https:\/\/ronaldmcdonaldhousemaritimes.ca\/wp-content\/uploads\/mccain-1080x1080-1-1-768x768.png 768w\" sizes=\"(max-width: 1080px) 100vw, 1080px\" \/>\t\t\t\t\t\t\t\t\t\t\t\t\t\t\t<\/div>\n\t\t\t\t<div class=\"elementor-element elementor-element-f150485 elementor-widget elementor-widget-heading\" data-id=\"f150485\" data-element_type=\"widget\" data-widget_type=\"heading.default\">\n\t\t\t\t\t<h2 class=\"elementor-heading-title elementor-size-default\">McCain<\/h2>\t\t\t\t<\/div>\n\t\t\t\t<\/div>\n\t\t<div class=\"elementor-element elementor-element-77af6bd e-con-full e-flex e-con e-child\" data-id=\"77af6bd\" data-element_type=\"container\">\n\t\t\t\t<div class=\"elementor-element elementor-element-f507dfd elementor-widget elementor-widget-image\" data-id=\"f507dfd\" data-element_type=\"widget\" data-widget_type=\"image.default\">\n\t\t\t\t\t\t\t\t\t\t\t\t\t\t\t<img loading=\"lazy\" decoding=\"async\" width=\"1080\" height=\"1080\" src=\"https:\/\/ronaldmcdonaldhousemaritimes.ca\/wp-content\/uploads\/mcdonalds-pei-logo-1.png\" class=\"attachment-large size-large wp-image-6847\" alt=\"\" srcset=\"https:\/\/ronaldmcdonaldhousemaritimes.ca\/wp-content\/uploads\/mcdonalds-pei-logo-1.png 1080w, https:\/\/ronaldmcdonaldhousemaritimes.ca\/wp-content\/uploads\/mcdonalds-pei-logo-1-150x150.png 150w, https:\/\/ronaldmcdonaldhousemaritimes.ca\/wp-content\/uploads\/mcdonalds-pei-logo-1-768x768.png 768w\" sizes=\"(max-width: 1080px) 100vw, 1080px\" \/>\t\t\t\t\t\t\t\t\t\t\t\t\t\t\t<\/div>\n\t\t\t\t<div class=\"elementor-element elementor-element-87a9c20 elementor-widget elementor-widget-heading\" data-id=\"87a9c20\" data-element_type=\"widget\" data-widget_type=\"heading.default\">\n\t\t\t\t\t<h2 class=\"elementor-heading-title elementor-size-default\">McDonald's PEI<\/h2>\t\t\t\t<\/div>\n\t\t\t\t<\/div>\n\t\t\t\t\t<\/div>\n\t\t\t\t<\/div>\n\t\t<div class=\"elementor-element elementor-element-6b75f810 elementor-hidden-mobile e-con-full e-flex e-con e-parent\" data-id=\"6b75f810\" data-element_type=\"container\" data-settings=\"{&quot;background_background&quot;:&quot;classic&quot;}\">\n\t\t<div class=\"elementor-element elementor-element-6da748e2 e-con-full e-flex e-con e-child\" data-id=\"6da748e2\" data-element_type=\"container\" data-settings=\"{&quot;background_background&quot;:&quot;classic&quot;}\">\n\t\t\t\t<div class=\"elementor-element elementor-element-1ab993f4 elementor-widget elementor-widget-text-editor\" data-id=\"1ab993f4\" data-element_type=\"widget\" data-widget_type=\"text-editor.default\">\n\t\t\t\t\t\t\t\t\t<h2>To participate in our 29th annual Golf Classic, or to find out about sponsorship opportunities, team registration, or donating an auction item, contact <a href=\"tel:1-902-429-4044\">(902) 429-4044<\/a> or <a href=\"mailto:events@ronaldmcdonaldhousemaritimes.ca\">events@ronaldmcdonaldhousemaritimes.ca<\/a>.<\/h2>\t\t\t\t\t\t\t\t<\/div>\n\t\t\t\t<\/div>\n\t\t<div class=\"elementor-element elementor-element-159dab31 e-con-full e-flex e-con e-child\" data-id=\"159dab31\" data-element_type=\"container\">\n\t\t\t\t<\/div>\n\t\t\t\t<\/div>\n\t\t<div class=\"elementor-element elementor-element-518e4d3 e-con-full elementor-hidden-desktop elementor-hidden-tablet e-flex e-con e-parent\" data-id=\"518e4d3\" data-element_type=\"container\">\n\t\t<div class=\"elementor-element elementor-element-61dfc59d e-con-full e-flex e-con e-child\" data-id=\"61dfc59d\" data-element_type=\"container\" data-settings=\"{&quot;background_background&quot;:&quot;classic&quot;}\">\n\t\t\t\t<div class=\"elementor-element elementor-element-3726b1a4 elementor-widget elementor-widget-text-editor\" data-id=\"3726b1a4\" data-element_type=\"widget\" data-widget_type=\"text-editor.default\">\n\t\t\t\t\t\t\t\t\t<h2>To participate in our 29th annual Golf Classic, or to find out about sponsorship opportunities, team registration, or donating an auction item, contact <a href=\"tel:1-902-429-4044\">(902) 429-4044<\/a> or <a href=\"mailto:events@ronaldmcdonaldhousemaritimes.ca\">events@ronaldmcdonaldhousemaritimes.ca<\/a>.<\/h2>\t\t\t\t\t\t\t\t<\/div>\n\t\t\t\t<\/div>\n\t\t<div class=\"elementor-element elementor-element-5aa093a4 e-con-full e-flex e-con e-child\" data-id=\"5aa093a4\" data-element_type=\"container\">\n\t\t\t\t<div class=\"elementor-element elementor-element-6b68f499 elementor-widget elementor-widget-image\" data-id=\"6b68f499\" data-element_type=\"widget\" data-widget_type=\"image.default\">\n\t\t\t\t\t\t\t\t\t\t\t\t\t\t\t<img loading=\"lazy\" decoding=\"async\" width=\"350\" height=\"600\" src=\"https:\/\/ronaldmcdonaldhousemaritimes.ca\/wp-content\/uploads\/Golf-2-350.png\" class=\"attachment-large size-large wp-image-6083\" alt=\"\" srcset=\"https:\/\/ronaldmcdonaldhousemaritimes.ca\/wp-content\/uploads\/Golf-2-350.png 350w, https:\/\/ronaldmcdonaldhousemaritimes.ca\/wp-content\/uploads\/Golf-2-350-88x150.png 88w\" sizes=\"(max-width: 350px) 100vw, 350px\" \/>\t\t\t\t\t\t\t\t\t\t\t\t\t\t\t<\/div>\n\t\t\t\t<\/div>\n\t\t\t\t<\/div>\n\t\t<div class=\"elementor-element elementor-element-1a8cfc1 e-con-full e-flex e-con e-parent\" data-id=\"1a8cfc1\" data-element_type=\"container\">\n\t\t<div class=\"elementor-element elementor-element-1c4f0aa e-con-full e-flex e-con e-child\" data-id=\"1c4f0aa\" data-element_type=\"container\" data-settings=\"{&quot;background_background&quot;:&quot;classic&quot;}\">\n\t\t<div class=\"elementor-element elementor-element-d66c6da e-con-full e-flex e-con e-child\" data-id=\"d66c6da\" data-element_type=\"container\">\n\t\t\t\t<div class=\"elementor-element elementor-element-3a6fb3e elementor-widget elementor-widget-html\" data-id=\"3a6fb3e\" data-element_type=\"widget\" data-widget_type=\"html.default\">\n\t\t\t\t\t<!-- Begin Constant Contact Inline Form Code -->\n<div class=\"ctct-inline-form\" data-form-id=\"0d88ae06-ec6b-4e70-af38-d68db87c2596\"><\/div>\n<!-- End Constant Contact Inline Form Code -->\n\n<style>\n .ctct-form-embed.form_0 .ctct-form-defaults {\n  background: #FFBC0D;\n  color: black;\n\n}   \n    \n<\/style>\t\t\t\t<\/div>\n\t\t\t\t<\/div>\n\t\t<div class=\"elementor-element elementor-element-fa68642 e-con-full e-flex e-con e-child\" data-id=\"fa68642\" data-element_type=\"container\">\n\t\t\t\t<div class=\"elementor-element elementor-element-8f8b3a9 elementor-widget elementor-widget-heading\" data-id=\"8f8b3a9\" data-element_type=\"widget\" data-widget_type=\"heading.default\">\n\t\t\t\t\t<h2 class=\"elementor-heading-title elementor-size-default\"><h2 data-elementor-setting-key=\"title\" data-pen-placeholder=\"Type Here...\" style=\", sans-serif;font-weight: 400;line-height: 38.4px;font-size: 32px;letter-spacing: -0.2px\">Suivez nous!<span style=\"letter-spacing: -0.2px\"><\/span><\/h2><\/h2>\t\t\t\t<\/div>\n\t\t<div class=\"elementor-element elementor-element-59365a5 e-con-full e-flex e-con e-child\" data-id=\"59365a5\" data-element_type=\"container\">\n\t\t\t\t<div class=\"elementor-element elementor-element-d06dd00 elementor-widget elementor-widget-image\" data-id=\"d06dd00\" data-element_type=\"widget\" data-widget_type=\"image.default\">\n\t\t\t\t\t\t\t\t\t\t\t\t\t\t\t\t<a href=\"https:\/\/www.linkedin.com\/company\/ronaldmcdonaldhousemaritimes\">\n\t\t\t\t\t\t\t<img decoding=\"async\" src=\"https:\/\/ronaldmcdonaldhousemaritimes.ca\/wp-content\/uploads\/RMHC_Social_Icon_Linked_In.svg\" title=\"RMHC_Social_Icon_Linked_In\" alt=\"Ic\u00f4ne de m\u00e9dias sociaux dessin\u00e9e \u00e0 la main pour RMH linked in\" class=\"elementor-animation-pulse\" loading=\"lazy\" \/>\t\t\t\t\t\t\t\t<\/a>\n\t\t\t\t\t\t\t\t\t\t\t\t\t\t\t<\/div>\n\t\t\t\t<div class=\"elementor-element elementor-element-8c76620 social-icon-svg elementor-widget elementor-widget-image\" data-id=\"8c76620\" data-element_type=\"widget\" data-widget_type=\"image.default\">\n\t\t\t\t\t\t\t\t\t\t\t\t\t\t\t\t<a href=\"https:\/\/www.facebook.com\/RonaldMcDonaldHouseMaritimes\/\">\n\t\t\t\t\t\t\t<img decoding=\"async\" src=\"https:\/\/ronaldmcdonaldhousemaritimes.ca\/wp-content\/uploads\/RMHC_Social_Icon_Facebook.svg\" title=\"RMHC_Social_Icon_Facebook\" alt=\"Ic\u00f4ne de m\u00e9dias sociaux dessin\u00e9e \u00e0 la main pour RMH face book\" class=\"elementor-animation-pulse\" loading=\"lazy\" \/>\t\t\t\t\t\t\t\t<\/a>\n\t\t\t\t\t\t\t\t\t\t\t\t\t\t\t<\/div>\n\t\t\t\t<div class=\"elementor-element elementor-element-ef3ded6 elementor-widget elementor-widget-image\" data-id=\"ef3ded6\" data-element_type=\"widget\" data-widget_type=\"image.default\">\n\t\t\t\t\t\t\t\t\t\t\t\t\t\t\t\t<a href=\"https:\/\/www.instagram.com\/ronaldmcdonaldhousemaritimes\/#\">\n\t\t\t\t\t\t\t<img decoding=\"async\" src=\"https:\/\/ronaldmcdonaldhousemaritimes.ca\/wp-content\/uploads\/RMHC_Social_Icon_Instagram.svg\" title=\"RMHC_Social_Icon_Instagram\" alt=\"Ic\u00f4ne de m\u00e9dias sociaux dessin\u00e9e \u00e0 la main pour RMH instagram\" class=\"elementor-animation-pulse\" loading=\"lazy\" \/>\t\t\t\t\t\t\t\t<\/a>\n\t\t\t\t\t\t\t\t\t\t\t\t\t\t\t<\/div>\n\t\t\t\t<\/div>\n\t\t\t\t<\/div>\n\t\t\t\t<\/div>\n\t\t\t\t<\/div>\n\t\t\t\t<\/div>\n\t\t","protected":false},"excerpt":{"rendered":"<p>Annual Golf Classic Tournament Thank you to our 2025 Supporters &#8211; Stay tuned for our 2026 date! We\u2019re pleased to share that our 2025 Golf Classic raised $170,000+ in support of Maritime families traveling for their sick child\u2019s hospital care. Thank you to all of the golfers, volunteers, and sponsors who helped make this event [&hellip;]<\/p>\n","protected":false},"author":10,"featured_media":0,"parent":0,"menu_order":0,"comment_status":"closed","ping_status":"closed","template":"","meta":{"footnotes":""},"class_list":["post-6084","page","type-page","status-publish","hentry"],"_links":{"self":[{"href":"https:\/\/ronaldmcdonaldhousemaritimes.ca\/fr\/wp-json\/wp\/v2\/pages\/6084","targetHints":{"allow":["GET"]}}],"collection":[{"href":"https:\/\/ronaldmcdonaldhousemaritimes.ca\/fr\/wp-json\/wp\/v2\/pages"}],"about":[{"href":"https:\/\/ronaldmcdonaldhousemaritimes.ca\/fr\/wp-json\/wp\/v2\/types\/page"}],"author":[{"embeddable":true,"href":"https:\/\/ronaldmcdonaldhousemaritimes.ca\/fr\/wp-json\/wp\/v2\/users\/10"}],"replies":[{"embeddable":true,"href":"https:\/\/ronaldmcdonaldhousemaritimes.ca\/fr\/wp-json\/wp\/v2\/comments?post=6084"}],"version-history":[{"count":0,"href":"https:\/\/ronaldmcdonaldhousemaritimes.ca\/fr\/wp-json\/wp\/v2\/pages\/6084\/revisions"}],"wp:attachment":[{"href":"https:\/\/ronaldmcdonaldhousemaritimes.ca\/fr\/wp-json\/wp\/v2\/media?parent=6084"}],"curies":[{"name":"wp","href":"https:\/\/api.w.org\/{rel}","templated":true}]}}