{"id":6218,"date":"2025-08-17T18:57:14","date_gmt":"2025-08-17T23:57:14","guid":{"rendered":"https:\/\/ronaldmcdonaldhousemaritimes.ca\/?page_id=6218"},"modified":"2025-11-26T15:21:49","modified_gmt":"2025-11-26T21:21:49","slug":"nos-programmes","status":"publish","type":"page","link":"https:\/\/ronaldmcdonaldhousemaritimes.ca\/fr\/nos-programmes\/","title":{"rendered":"Nos Programmes"},"content":{"rendered":"\t\t<div data-elementor-type=\"wp-page\" data-elementor-id=\"6218\" class=\"elementor elementor-6218 elementor-2237\" data-elementor-post-type=\"page\">\n\t\t\t\t<div class=\"elementor-element elementor-element-9762fd5 e-con-full e-flex e-con e-parent\" data-id=\"9762fd5\" data-element_type=\"container\">\n\t\t\t\t<div class=\"elementor-element elementor-element-5a4ec16 elementor-widget__width-initial elementor-hidden-mobile elementor-widget elementor-widget-image\" data-id=\"5a4ec16\" data-element_type=\"widget\" data-widget_type=\"image.default\">\n\t\t\t\t\t\t\t\t\t\t\t\t\t\t\t<img fetchpriority=\"high\" decoding=\"async\" width=\"1450\" height=\"620\" src=\"https:\/\/ronaldmcdonaldhousemaritimes.ca\/wp-content\/uploads\/Stay-1-1450x620-1.png\" class=\"attachment-full size-full wp-image-6758\" alt=\"\" srcset=\"https:\/\/ronaldmcdonaldhousemaritimes.ca\/wp-content\/uploads\/Stay-1-1450x620-1.png 1450w, https:\/\/ronaldmcdonaldhousemaritimes.ca\/wp-content\/uploads\/Stay-1-1450x620-1-150x64.png 150w, https:\/\/ronaldmcdonaldhousemaritimes.ca\/wp-content\/uploads\/Stay-1-1450x620-1-768x328.png 768w\" sizes=\"(max-width: 1450px) 100vw, 1450px\" \/>\t\t\t\t\t\t\t\t\t\t\t\t\t\t\t<\/div>\n\t\t\t\t<div class=\"elementor-element elementor-element-eb538e4 elementor-hidden-desktop elementor-hidden-tablet elementor-widget elementor-widget-image\" data-id=\"eb538e4\" data-element_type=\"widget\" data-widget_type=\"image.default\">\n\t\t\t\t\t\t\t\t\t\t\t\t\t\t\t<img decoding=\"async\" width=\"1000\" height=\"850\" src=\"https:\/\/ronaldmcdonaldhousemaritimes.ca\/wp-content\/uploads\/Stay-1-1000x850-1.png\" class=\"attachment-full size-full wp-image-6759\" alt=\"\" srcset=\"https:\/\/ronaldmcdonaldhousemaritimes.ca\/wp-content\/uploads\/Stay-1-1000x850-1.png 1000w, https:\/\/ronaldmcdonaldhousemaritimes.ca\/wp-content\/uploads\/Stay-1-1000x850-1-150x128.png 150w, https:\/\/ronaldmcdonaldhousemaritimes.ca\/wp-content\/uploads\/Stay-1-1000x850-1-768x653.png 768w\" sizes=\"(max-width: 1000px) 100vw, 1000px\" \/>\t\t\t\t\t\t\t\t\t\t\t\t\t\t\t<\/div>\n\t\t\t\t<\/div>\n\t\t<div class=\"elementor-element elementor-element-6688254 e-con-full e-flex e-con e-parent\" data-id=\"6688254\" data-element_type=\"container\">\n\t\t<div class=\"elementor-element elementor-element-19c144a e-con-full e-flex e-con e-child\" data-id=\"19c144a\" data-element_type=\"container\">\n\t\t\t\t<div class=\"elementor-element elementor-element-e0446b3 elementor-widget elementor-widget-heading\" data-id=\"e0446b3\" data-element_type=\"widget\" data-widget_type=\"heading.default\">\n\t\t\t\t\t<h1 class=\"elementor-heading-title elementor-size-default\">Nos programmes<\/h1>\t\t\t\t<\/div>\n\t\t\t\t<div class=\"elementor-element elementor-element-c0db087 elementor-widget elementor-widget-text-editor\" data-id=\"c0db087\" data-element_type=\"widget\" data-widget_type=\"text-editor.default\">\n\t\t\t\t\t\t\t\t\t<p><span style=\"font-weight: 400;\">Des rendez-vous de routine aux moments les plus difficiles et d\u00e9licats, nous sommes l\u00e0 pour soutenir votre famille tout au long de votre parcours m\u00e9dical.<\/span><\/p>\t\t\t\t\t\t\t\t<\/div>\n\t\t\t\t<\/div>\n\t\t<div class=\"elementor-element elementor-element-6cee709 e-con-full e-flex e-con e-child\" data-id=\"6cee709\" data-element_type=\"container\">\n\t\t\t\t<\/div>\n\t\t\t\t<\/div>\n\t\t<div class=\"elementor-element elementor-element-d50af6f e-flex e-con-boxed e-con e-parent\" data-id=\"d50af6f\" data-element_type=\"container\" data-settings=\"{&quot;background_background&quot;:&quot;classic&quot;}\">\n\t\t\t\t\t<div class=\"e-con-inner\">\n\t\t<div class=\"elementor-element elementor-element-cc5d7ff e-con-full e-flex e-con e-child\" data-id=\"cc5d7ff\" data-element_type=\"container\">\n\t\t<div class=\"elementor-element elementor-element-8d7474c e-con-full e-flex e-con e-child\" data-id=\"8d7474c\" data-element_type=\"container\">\n\t\t\t\t<div class=\"elementor-element elementor-element-848d018 elementor-widget elementor-widget-text-editor\" data-id=\"848d018\" data-element_type=\"widget\" data-widget_type=\"text-editor.default\">\n\t\t\t\t\t\t\t\t\t<h2><span style=\"font-weight: 400;\">Notre Manoir<\/span><\/h2><p><span style=\"font-weight: 400;\">Notre manoir est bien plus qu\u2019un endroit o\u00f9 se loger .C\u2019est un lieu de r\u00e9confort et de soutien, un deuxi\u00e8me chez-soi.<\/span><\/p><p><span style=\"font-weight: 400;\">Il est destin\u00e9 aux familles, leur permet de conserver une vie aussi normale que possible malgr\u00e9 les d\u00e9fis auxquelles elles sont confront\u00e9es.<\/span><\/p>\t\t\t\t\t\t\t\t<\/div>\n\t\t\t\t<div class=\"elementor-element elementor-element-3fdf006 elementor-mobile-align-justify squircle-btn elementor-widget elementor-widget-button\" data-id=\"3fdf006\" data-element_type=\"widget\" data-widget_type=\"button.default\">\n\t\t\t\t\t\t\t\t\t\t<a class=\"elementor-button elementor-button-link elementor-size-sm\" href=\"\/fr\/nos-programmes\/sejour\">\n\t\t\t\t\t\t<span class=\"elementor-button-content-wrapper\">\n\t\t\t\t\t\t\t\t\t<span class=\"elementor-button-text\">Plus d'informations<\/span>\n\t\t\t\t\t<\/span>\n\t\t\t\t\t<\/a>\n\t\t\t\t\t\t\t\t<\/div>\n\t\t\t\t<\/div>\n\t\t<div class=\"elementor-element elementor-element-58bf37c e-con-full e-flex e-con e-child\" data-id=\"58bf37c\" data-element_type=\"container\">\n\t\t\t\t<div class=\"elementor-element elementor-element-95903be elementor-widget elementor-widget-image\" data-id=\"95903be\" data-element_type=\"widget\" data-widget_type=\"image.default\">\n\t\t\t\t\t\t\t\t\t\t\t\t\t\t\t<img decoding=\"async\" width=\"1000\" height=\"850\" src=\"https:\/\/ronaldmcdonaldhousemaritimes.ca\/wp-content\/uploads\/October-1-2016.-RMH.-Sullivan_Vance-playing-with-lego.-CC-Krysta-1.png\" class=\"attachment-full size-full wp-image-6213\" alt=\"\" srcset=\"https:\/\/ronaldmcdonaldhousemaritimes.ca\/wp-content\/uploads\/October-1-2016.-RMH.-Sullivan_Vance-playing-with-lego.-CC-Krysta-1.png 1000w, https:\/\/ronaldmcdonaldhousemaritimes.ca\/wp-content\/uploads\/October-1-2016.-RMH.-Sullivan_Vance-playing-with-lego.-CC-Krysta-1-150x128.png 150w, https:\/\/ronaldmcdonaldhousemaritimes.ca\/wp-content\/uploads\/October-1-2016.-RMH.-Sullivan_Vance-playing-with-lego.-CC-Krysta-1-768x653.png 768w\" sizes=\"(max-width: 1000px) 100vw, 1000px\" \/>\t\t\t\t\t\t\t\t\t\t\t\t\t\t\t<\/div>\n\t\t\t\t<\/div>\n\t\t\t\t<\/div>\n\t\t\t\t\t<\/div>\n\t\t\t\t<\/div>\n\t\t<div class=\"elementor-element elementor-element-78f889f e-flex e-con-boxed e-con e-parent\" data-id=\"78f889f\" data-element_type=\"container\" data-settings=\"{&quot;background_background&quot;:&quot;classic&quot;}\">\n\t\t\t\t\t<div class=\"e-con-inner\">\n\t\t<div class=\"elementor-element elementor-element-effb490 e-con-full e-flex e-con e-child\" data-id=\"effb490\" data-element_type=\"container\">\n\t\t\t\t<div class=\"elementor-element elementor-element-5eb0759 elementor-widget elementor-widget-image\" data-id=\"5eb0759\" data-element_type=\"widget\" data-widget_type=\"image.default\">\n\t\t\t\t\t\t\t\t\t\t\t\t\t\t\t<img loading=\"lazy\" decoding=\"async\" width=\"1000\" height=\"850\" src=\"https:\/\/ronaldmcdonaldhousemaritimes.ca\/wp-content\/uploads\/Raissa-and-Alexa-1-1.png\" class=\"attachment-full size-full wp-image-6214\" alt=\"\" srcset=\"https:\/\/ronaldmcdonaldhousemaritimes.ca\/wp-content\/uploads\/Raissa-and-Alexa-1-1.png 1000w, https:\/\/ronaldmcdonaldhousemaritimes.ca\/wp-content\/uploads\/Raissa-and-Alexa-1-1-150x128.png 150w, https:\/\/ronaldmcdonaldhousemaritimes.ca\/wp-content\/uploads\/Raissa-and-Alexa-1-1-768x653.png 768w\" sizes=\"(max-width: 1000px) 100vw, 1000px\" \/>\t\t\t\t\t\t\t\t\t\t\t\t\t\t\t<\/div>\n\t\t\t\t<\/div>\n\t\t<div class=\"elementor-element elementor-element-e8b0b6b e-con-full e-flex e-con e-child\" data-id=\"e8b0b6b\" data-element_type=\"container\">\n\t\t\t\t<div class=\"elementor-element elementor-element-af9e243 elementor-widget elementor-widget-text-editor\" data-id=\"af9e243\" data-element_type=\"widget\" data-widget_type=\"text-editor.default\">\n\t\t\t\t\t\t\t\t\t<h2><span style=\"font-weight: 400;\">Salle familiale de Halifax<\/span><\/h2><p><span style=\"font-weight: 400;\">Que ce soit un bon caf\u00e9, une douche, un repas chaud ou une faire la lessive, notre salle familiale est un endroit o\u00f9 les familles peuvent se d\u00e9tendre, se rafra\u00eechir et refaire le plein. La salle familiale de Halifax comprend trois chambres, une cuisine et une buanderie, une aire de jeu, une salle de bien-\u00eatre, et un espace avec une t\u00e9l\u00e9vision et acc\u00e8s Internet.<\/span><\/p>\t\t\t\t\t\t\t\t<\/div>\n\t\t\t\t<div class=\"elementor-element elementor-element-4f6bd41 elementor-mobile-align-justify squircle-btn elementor-widget elementor-widget-button\" data-id=\"4f6bd41\" data-element_type=\"widget\" data-widget_type=\"button.default\">\n\t\t\t\t\t\t\t\t\t\t<a class=\"elementor-button elementor-button-link elementor-size-sm\" href=\"\/fr\/nos-programmes\/salle-familiale-de-halifax\/\">\n\t\t\t\t\t\t<span class=\"elementor-button-content-wrapper\">\n\t\t\t\t\t\t\t\t\t<span class=\"elementor-button-text\">Plus d'informations<\/span>\n\t\t\t\t\t<\/span>\n\t\t\t\t\t<\/a>\n\t\t\t\t\t\t\t\t<\/div>\n\t\t\t\t<\/div>\n\t\t\t\t\t<\/div>\n\t\t\t\t<\/div>\n\t\t<div class=\"elementor-element elementor-element-830e273 e-flex e-con-boxed e-con e-parent\" data-id=\"830e273\" data-element_type=\"container\" data-settings=\"{&quot;background_background&quot;:&quot;classic&quot;}\">\n\t\t\t\t\t<div class=\"e-con-inner\">\n\t\t<div class=\"elementor-element elementor-element-09ed4bb e-con-full e-flex e-con e-child\" data-id=\"09ed4bb\" data-element_type=\"container\">\n\t\t\t\t<div class=\"elementor-element elementor-element-c0b9869 elementor-widget elementor-widget-text-editor\" data-id=\"c0b9869\" data-element_type=\"widget\" data-widget_type=\"text-editor.default\">\n\t\t\t\t\t\t\t\t\t<h2><span style=\"font-weight: 400;\">Salle familiale de Moncton<\/span><\/h2><p><span style=\"font-weight: 400;\">En juin 2011, nous avons ouvert une Salle familiale Ronald McDonald en partenariat avec l\u2019H\u00f4pital de Moncton. Notre salle familiale de Moncton offre un espace confortable et soutenant aux familles leur permettant de faire une pause de leur routine quotidienne \u00e0 l\u2019h\u00f4pital tout en profitant de certaines commodit\u00e9s que l\u2019on retrouve \u00e0 la maison.<\/span><\/p>\t\t\t\t\t\t\t\t<\/div>\n\t\t\t\t<div class=\"elementor-element elementor-element-8c0cec8 elementor-mobile-align-justify squircle-btn elementor-widget elementor-widget-button\" data-id=\"8c0cec8\" data-element_type=\"widget\" data-widget_type=\"button.default\">\n\t\t\t\t\t\t\t\t\t\t<a class=\"elementor-button elementor-button-link elementor-size-sm\" href=\"\/fr\/nos-programmes\/salle-familiale-de-moncton\/\">\n\t\t\t\t\t\t<span class=\"elementor-button-content-wrapper\">\n\t\t\t\t\t\t\t\t\t<span class=\"elementor-button-text\">Plus d'informations<\/span>\n\t\t\t\t\t<\/span>\n\t\t\t\t\t<\/a>\n\t\t\t\t\t\t\t\t<\/div>\n\t\t\t\t<\/div>\n\t\t<div class=\"elementor-element elementor-element-6dbc624 e-con-full e-flex e-con e-child\" data-id=\"6dbc624\" data-element_type=\"container\">\n\t\t\t\t<div class=\"elementor-element elementor-element-3f8adbb elementor-widget elementor-widget-image\" data-id=\"3f8adbb\" data-element_type=\"widget\" data-widget_type=\"image.default\">\n\t\t\t\t\t\t\t\t\t\t\t\t\t\t\t<img loading=\"lazy\" decoding=\"async\" width=\"1000\" height=\"850\" src=\"https:\/\/ronaldmcdonaldhousemaritimes.ca\/wp-content\/uploads\/Image-95-1-scaled-1.png\" class=\"attachment-full size-full wp-image-6206\" alt=\"\" srcset=\"https:\/\/ronaldmcdonaldhousemaritimes.ca\/wp-content\/uploads\/Image-95-1-scaled-1.png 1000w, https:\/\/ronaldmcdonaldhousemaritimes.ca\/wp-content\/uploads\/Image-95-1-scaled-1-150x128.png 150w, https:\/\/ronaldmcdonaldhousemaritimes.ca\/wp-content\/uploads\/Image-95-1-scaled-1-768x653.png 768w\" sizes=\"(max-width: 1000px) 100vw, 1000px\" \/>\t\t\t\t\t\t\t\t\t\t\t\t\t\t\t<\/div>\n\t\t\t\t<\/div>\n\t\t\t\t\t<\/div>\n\t\t\t\t<\/div>\n\t\t<div class=\"elementor-element elementor-element-7160437 e-con-full e-flex e-con e-parent\" data-id=\"7160437\" data-element_type=\"container\">\n\t\t<div class=\"elementor-element elementor-element-b988de6 e-con-full e-flex e-con e-child\" data-id=\"b988de6\" data-element_type=\"container\" data-settings=\"{&quot;background_background&quot;:&quot;classic&quot;}\">\n\t\t<div class=\"elementor-element elementor-element-fffca86 e-con-full e-flex e-con e-child\" data-id=\"fffca86\" data-element_type=\"container\">\n\t\t\t\t<div class=\"elementor-element elementor-element-c0f4810 elementor-widget elementor-widget-html\" data-id=\"c0f4810\" data-element_type=\"widget\" data-widget_type=\"html.default\">\n\t\t\t\t\t<!-- Begin Constant Contact Inline Form Code -->\n<div class=\"ctct-inline-form\" data-form-id=\"0d88ae06-ec6b-4e70-af38-d68db87c2596\"><\/div>\n<!-- End Constant Contact Inline Form Code -->\n\n<style>\n .ctct-form-embed.form_0 .ctct-form-defaults {\n  background: #FFBC0D;\n  color: black;\n\n}   \n    \n<\/style>\t\t\t\t<\/div>\n\t\t\t\t<\/div>\n\t\t<div class=\"elementor-element elementor-element-366a161 e-con-full e-flex e-con e-child\" data-id=\"366a161\" data-element_type=\"container\">\n\t\t\t\t<div class=\"elementor-element elementor-element-7d430d1 elementor-widget elementor-widget-heading\" data-id=\"7d430d1\" data-element_type=\"widget\" data-widget_type=\"heading.default\">\n\t\t\t\t\t<h2 class=\"elementor-heading-title elementor-size-default\"><h2 data-elementor-setting-key=\"title\" data-pen-placeholder=\"Type Here...\" style=\", sans-serif;font-weight: 400;line-height: 38.4px;font-size: 32px;letter-spacing: -0.2px\">Suivez nous!<span style=\"letter-spacing: -0.2px\"><\/span><\/h2><\/h2>\t\t\t\t<\/div>\n\t\t<div class=\"elementor-element elementor-element-cca6bd0 e-con-full e-flex e-con e-child\" data-id=\"cca6bd0\" data-element_type=\"container\">\n\t\t\t\t<div class=\"elementor-element elementor-element-4716abe elementor-widget elementor-widget-image\" data-id=\"4716abe\" data-element_type=\"widget\" data-widget_type=\"image.default\">\n\t\t\t\t\t\t\t\t\t\t\t\t\t\t\t\t<a href=\"https:\/\/www.linkedin.com\/company\/ronaldmcdonaldhousemaritimes\">\n\t\t\t\t\t\t\t<img decoding=\"async\" src=\"https:\/\/ronaldmcdonaldhousemaritimes.ca\/wp-content\/uploads\/RMHC_Social_Icon_Linked_In.svg\" title=\"RMHC_Social_Icon_Linked_In\" alt=\"Ic\u00f4ne de m\u00e9dias sociaux dessin\u00e9e \u00e0 la main pour RMH linked in\" class=\"elementor-animation-pulse\" loading=\"lazy\" \/>\t\t\t\t\t\t\t\t<\/a>\n\t\t\t\t\t\t\t\t\t\t\t\t\t\t\t<\/div>\n\t\t\t\t<div class=\"elementor-element elementor-element-98cb4c2 social-icon-svg elementor-widget elementor-widget-image\" data-id=\"98cb4c2\" data-element_type=\"widget\" data-widget_type=\"image.default\">\n\t\t\t\t\t\t\t\t\t\t\t\t\t\t\t\t<a href=\"https:\/\/www.facebook.com\/RonaldMcDonaldHouseMaritimes\/\">\n\t\t\t\t\t\t\t<img decoding=\"async\" src=\"https:\/\/ronaldmcdonaldhousemaritimes.ca\/wp-content\/uploads\/RMHC_Social_Icon_Facebook.svg\" title=\"RMHC_Social_Icon_Facebook\" alt=\"Ic\u00f4ne de m\u00e9dias sociaux dessin\u00e9e \u00e0 la main pour RMH face book\" class=\"elementor-animation-pulse\" loading=\"lazy\" \/>\t\t\t\t\t\t\t\t<\/a>\n\t\t\t\t\t\t\t\t\t\t\t\t\t\t\t<\/div>\n\t\t\t\t<div class=\"elementor-element elementor-element-7c32bd4 elementor-widget elementor-widget-image\" data-id=\"7c32bd4\" data-element_type=\"widget\" data-widget_type=\"image.default\">\n\t\t\t\t\t\t\t\t\t\t\t\t\t\t\t\t<a href=\"https:\/\/www.instagram.com\/ronaldmcdonaldhousemaritimes\/#\">\n\t\t\t\t\t\t\t<img decoding=\"async\" src=\"https:\/\/ronaldmcdonaldhousemaritimes.ca\/wp-content\/uploads\/RMHC_Social_Icon_Instagram.svg\" title=\"RMHC_Social_Icon_Instagram\" alt=\"Ic\u00f4ne de m\u00e9dias sociaux dessin\u00e9e \u00e0 la main pour RMH instagram\" class=\"elementor-animation-pulse\" loading=\"lazy\" \/>\t\t\t\t\t\t\t\t<\/a>\n\t\t\t\t\t\t\t\t\t\t\t\t\t\t\t<\/div>\n\t\t\t\t<\/div>\n\t\t\t\t<\/div>\n\t\t\t\t<\/div>\n\t\t\t\t<\/div>\n\t\t\t\t<\/div>\n\t\t","protected":false},"excerpt":{"rendered":"<p>Nos programmes Des rendez-vous de routine aux moments les plus difficiles et d\u00e9licats, nous sommes l\u00e0 pour soutenir votre famille tout au long de votre parcours m\u00e9dical. Notre Manoir Notre manoir est bien plus qu\u2019un endroit o\u00f9 se loger .C\u2019est un lieu de r\u00e9confort et de soutien, un deuxi\u00e8me chez-soi. Il est destin\u00e9 aux familles, [&hellip;]<\/p>\n","protected":false},"author":13,"featured_media":0,"parent":0,"menu_order":0,"comment_status":"closed","ping_status":"closed","template":"","meta":{"footnotes":""},"class_list":["post-6218","page","type-page","status-publish","hentry"],"_links":{"self":[{"href":"https:\/\/ronaldmcdonaldhousemaritimes.ca\/fr\/wp-json\/wp\/v2\/pages\/6218","targetHints":{"allow":["GET"]}}],"collection":[{"href":"https:\/\/ronaldmcdonaldhousemaritimes.ca\/fr\/wp-json\/wp\/v2\/pages"}],"about":[{"href":"https:\/\/ronaldmcdonaldhousemaritimes.ca\/fr\/wp-json\/wp\/v2\/types\/page"}],"author":[{"embeddable":true,"href":"https:\/\/ronaldmcdonaldhousemaritimes.ca\/fr\/wp-json\/wp\/v2\/users\/13"}],"replies":[{"embeddable":true,"href":"https:\/\/ronaldmcdonaldhousemaritimes.ca\/fr\/wp-json\/wp\/v2\/comments?post=6218"}],"version-history":[{"count":0,"href":"https:\/\/ronaldmcdonaldhousemaritimes.ca\/fr\/wp-json\/wp\/v2\/pages\/6218\/revisions"}],"wp:attachment":[{"href":"https:\/\/ronaldmcdonaldhousemaritimes.ca\/fr\/wp-json\/wp\/v2\/media?parent=6218"}],"curies":[{"name":"wp","href":"https:\/\/api.w.org\/{rel}","templated":true}]}}