{"id":6307,"date":"2025-10-07T13:32:55","date_gmt":"2025-10-07T18:32:55","guid":{"rendered":"https:\/\/ronaldmcdonaldhousemaritimes.ca\/?page_id=6307"},"modified":"2025-11-26T15:20:08","modified_gmt":"2025-11-26T21:20:08","slug":"parrainage-dune-piece-au-manoir","status":"publish","type":"page","link":"https:\/\/ronaldmcdonaldhousemaritimes.ca\/fr\/comment-aider\/parrainage-dune-piece-au-manoir\/","title":{"rendered":"Parrainage d\u2019une pi\u00e8ce au Manoir"},"content":{"rendered":"\t\t<div data-elementor-type=\"wp-page\" data-elementor-id=\"6307\" class=\"elementor elementor-6307 elementor-5007\" data-elementor-post-type=\"page\">\n\t\t\t\t<div class=\"elementor-element elementor-element-1ca57105 e-con-full e-flex e-con e-parent\" data-id=\"1ca57105\" data-element_type=\"container\">\n\t\t\t\t<div class=\"elementor-element elementor-element-5d1f4f14 elementor-widget__width-initial elementor-hidden-mobile elementor-widget elementor-widget-image\" data-id=\"5d1f4f14\" data-element_type=\"widget\" data-widget_type=\"image.default\">\n\t\t\t\t\t\t\t\t\t\t\t\t\t\t\t<img fetchpriority=\"high\" decoding=\"async\" width=\"1450\" height=\"620\" src=\"https:\/\/ronaldmcdonaldhousemaritimes.ca\/wp-content\/uploads\/Adopt-a-room-1450.png\" class=\"attachment-full size-full wp-image-6278\" alt=\"\" srcset=\"https:\/\/ronaldmcdonaldhousemaritimes.ca\/wp-content\/uploads\/Adopt-a-room-1450.png 1450w, https:\/\/ronaldmcdonaldhousemaritimes.ca\/wp-content\/uploads\/Adopt-a-room-1450-150x64.png 150w, https:\/\/ronaldmcdonaldhousemaritimes.ca\/wp-content\/uploads\/Adopt-a-room-1450-768x328.png 768w\" sizes=\"(max-width: 1450px) 100vw, 1450px\" \/>\t\t\t\t\t\t\t\t\t\t\t\t\t\t\t<\/div>\n\t\t\t\t<div class=\"elementor-element elementor-element-1d44d547 elementor-hidden-desktop elementor-hidden-tablet elementor-widget elementor-widget-image\" data-id=\"1d44d547\" data-element_type=\"widget\" data-widget_type=\"image.default\">\n\t\t\t\t\t\t\t\t\t\t\t\t\t\t\t<img decoding=\"async\" width=\"1000\" height=\"850\" src=\"https:\/\/ronaldmcdonaldhousemaritimes.ca\/wp-content\/uploads\/Adopt-a-room-1000.png\" class=\"attachment-full size-full wp-image-6279\" alt=\"\" srcset=\"https:\/\/ronaldmcdonaldhousemaritimes.ca\/wp-content\/uploads\/Adopt-a-room-1000.png 1000w, https:\/\/ronaldmcdonaldhousemaritimes.ca\/wp-content\/uploads\/Adopt-a-room-1000-150x128.png 150w, https:\/\/ronaldmcdonaldhousemaritimes.ca\/wp-content\/uploads\/Adopt-a-room-1000-768x653.png 768w\" sizes=\"(max-width: 1000px) 100vw, 1000px\" \/>\t\t\t\t\t\t\t\t\t\t\t\t\t\t\t<\/div>\n\t\t\t\t<\/div>\n\t\t<div class=\"elementor-element elementor-element-60628f86 e-con-full e-flex e-con e-parent\" data-id=\"60628f86\" data-element_type=\"container\">\n\t\t<div class=\"elementor-element elementor-element-6a8060f0 e-con-full e-flex e-con e-child\" data-id=\"6a8060f0\" data-element_type=\"container\">\n\t\t\t\t<div class=\"elementor-element elementor-element-3499cd43 elementor-widget elementor-widget-heading\" data-id=\"3499cd43\" data-element_type=\"widget\" data-widget_type=\"heading.default\">\n\t\t\t\t\t<h1 class=\"elementor-heading-title elementor-size-default\">Parrainage d\u2019une pi\u00e8ce au Manoir<\/h1>\t\t\t\t<\/div>\n\t\t\t\t<\/div>\n\t\t<div class=\"elementor-element elementor-element-79f275c8 e-con-full e-flex e-con e-child\" data-id=\"79f275c8\" data-element_type=\"container\">\n\t\t\t\t<\/div>\n\t\t\t\t<\/div>\n\t\t<div class=\"elementor-element elementor-element-7d6b6f55 e-flex e-con-boxed e-con e-parent\" data-id=\"7d6b6f55\" data-element_type=\"container\" data-settings=\"{&quot;background_background&quot;:&quot;classic&quot;}\">\n\t\t\t\t\t<div class=\"e-con-inner\">\n\t\t<div class=\"elementor-element elementor-element-46e52f28 e-con-full e-flex e-con e-child\" data-id=\"46e52f28\" data-element_type=\"container\">\n\t\t\t\t<div class=\"elementor-element elementor-element-22d17e85 elementor-widget elementor-widget-heading\" data-id=\"22d17e85\" data-element_type=\"widget\" data-widget_type=\"heading.default\">\n\t\t\t\t\t<h2 class=\"elementor-heading-title elementor-size-default\">Votre contribution servira \u00e0 d\u00e9frayer les co\u00fbts d\u2019entretien et d\u2019exploitation de la pi\u00e8ce parrain\u00e9e.<\/h2>\t\t\t\t<\/div>\n\t\t\t\t<div class=\"elementor-element elementor-element-9f646d7 elementor-widget elementor-widget-text-editor\" data-id=\"9f646d7\" data-element_type=\"widget\" data-widget_type=\"text-editor.default\">\n\t\t\t\t\t\t\t\t\t<p><span style=\"font-weight: 400;\">Gr\u00e2ce \u00e0 votre soutien, les parents vivant des moments difficiles pourront profiter de l\u2019atmosph\u00e8re familiale et r\u00e9confortante du Manoir lors de l\u2019hospitalisation ou des traitements de leur enfant.<\/span><\/p><p><a href=\"https:\/\/ronaldmcdonaldhousemaritimes.ca\/wp-content\/uploads\/Adopt-A-Room-Brochure-2023.pdf\" target=\"_blank\" rel=\"noopener\">CLIQUEZ ICI pour notre brochure d\u2019information sur le parrainage d\u2019une pi\u00e8ce au Manoir<\/a>.<\/p>\t\t\t\t\t\t\t\t<\/div>\n\t\t\t\t<\/div>\n\t\t<div class=\"elementor-element elementor-element-14820056 e-con-full e-flex e-con e-child\" data-id=\"14820056\" data-element_type=\"container\">\n\t\t\t\t<div class=\"elementor-element elementor-element-3fcca6b6 elementor-widget elementor-widget-image\" data-id=\"3fcca6b6\" data-element_type=\"widget\" data-widget_type=\"image.default\">\n\t\t\t\t\t\t\t\t\t\t\t\t\t\t\t<img decoding=\"async\" width=\"1000\" height=\"851\" src=\"https:\/\/ronaldmcdonaldhousemaritimes.ca\/wp-content\/uploads\/Adopt-a-room-2-1-1.png\" class=\"attachment-full size-full wp-image-6302\" alt=\"\" srcset=\"https:\/\/ronaldmcdonaldhousemaritimes.ca\/wp-content\/uploads\/Adopt-a-room-2-1-1.png 1000w, https:\/\/ronaldmcdonaldhousemaritimes.ca\/wp-content\/uploads\/Adopt-a-room-2-1-1-150x128.png 150w, https:\/\/ronaldmcdonaldhousemaritimes.ca\/wp-content\/uploads\/Adopt-a-room-2-1-1-768x654.png 768w\" sizes=\"(max-width: 1000px) 100vw, 1000px\" \/>\t\t\t\t\t\t\t\t\t\t\t\t\t\t\t<\/div>\n\t\t\t\t<\/div>\n\t\t\t\t\t<\/div>\n\t\t\t\t<\/div>\n\t\t<div class=\"elementor-element elementor-element-7e5e1308 e-flex e-con-boxed e-con e-parent\" data-id=\"7e5e1308\" data-element_type=\"container\" data-settings=\"{&quot;background_background&quot;:&quot;classic&quot;}\">\n\t\t\t\t\t<div class=\"e-con-inner\">\n\t\t<div class=\"elementor-element elementor-element-4cadd02a e-con-full e-flex e-con e-child\" data-id=\"4cadd02a\" data-element_type=\"container\">\n\t\t\t\t<div class=\"elementor-element elementor-element-5b8102cb elementor-widget elementor-widget-image\" data-id=\"5b8102cb\" data-element_type=\"widget\" data-widget_type=\"image.default\">\n\t\t\t\t\t\t\t\t\t\t\t\t\t\t\t<img loading=\"lazy\" decoding=\"async\" width=\"576\" height=\"576\" src=\"https:\/\/ronaldmcdonaldhousemaritimes.ca\/wp-content\/uploads\/RMH_icons_Our_Impact_RGB.webp\" class=\"attachment-full size-full wp-image-5036\" alt=\"\u00c9toile rouge avec un c\u0153ur au centre et des lignes repr\u00e9sentant une action rayonnante\" srcset=\"https:\/\/ronaldmcdonaldhousemaritimes.ca\/wp-content\/uploads\/RMH_icons_Our_Impact_RGB.webp 576w, https:\/\/ronaldmcdonaldhousemaritimes.ca\/wp-content\/uploads\/RMH_icons_Our_Impact_RGB-150x150.webp 150w\" sizes=\"(max-width: 576px) 100vw, 576px\" \/>\t\t\t\t\t\t\t\t\t\t\t\t\t\t\t<\/div>\n\t\t\t\t<\/div>\n\t\t<div class=\"elementor-element elementor-element-374c8483 e-con-full e-flex e-con e-child\" data-id=\"374c8483\" data-element_type=\"container\">\n\t\t\t\t<div class=\"elementor-element elementor-element-7f018ab elementor-widget elementor-widget-text-editor\" data-id=\"7f018ab\" data-element_type=\"widget\" data-widget_type=\"text-editor.default\">\n\t\t\t\t\t\t\t\t\t<h2>Pour plus d\u2019informations, contactez <a href=\"mailto:giving@ronaldmcdonaldhousemaritimes.ca\" target=\"_blank\" rel=\"noopener\">giving@ronaldmcdonaldhousemaritimes.ca<\/a><\/h2>\t\t\t\t\t\t\t\t<\/div>\n\t\t\t\t<\/div>\n\t\t\t\t\t<\/div>\n\t\t\t\t<\/div>\n\t\t<div class=\"elementor-element elementor-element-79b7e4a1 e-flex e-con-boxed e-con e-parent\" data-id=\"79b7e4a1\" data-element_type=\"container\">\n\t\t\t\t\t<div class=\"e-con-inner\">\n\t\t<div class=\"elementor-element elementor-element-5307c599 e-con-full e-flex e-con e-child\" data-id=\"5307c599\" data-element_type=\"container\">\n\t\t\t\t<div class=\"elementor-element elementor-element-b5747e1 elementor-widget elementor-widget-heading\" data-id=\"b5747e1\" data-element_type=\"widget\" data-widget_type=\"heading.default\">\n\t\t\t\t\t<h2 class=\"elementor-heading-title elementor-size-default\">Impact du partenariat\n<\/h2>\t\t\t\t<\/div>\n\t\t\t\t<div class=\"elementor-element elementor-element-2ed6b45e elementor-widget elementor-widget-text-editor\" data-id=\"2ed6b45e\" data-element_type=\"widget\" data-widget_type=\"text-editor.default\">\n\t\t\t\t\t\t\t\t\t<p>L\u2019argent recueilli dans le cadre de notre programme Parrainage d\u2019une pi\u00e8ce a un impact sur nos familles en fournissant:<\/p><ul><li>Logement en famille<\/li><li>Acc\u00e8s aux services de lavage, une cuisine, des t\u00e9l\u00e9visions, des ordinateurs et des jeux<\/li><li>Acc\u00e8s aux activit\u00e9s comprenant une aire de jeux \u00e0 l\u2019int\u00e9rieur de la maison, un terrain de jeux dehors, des jeux vid\u00e9o, des soir\u00e9es cin\u00e9ma, des activit\u00e9s mensuelles et bien plus<\/li><li>Acc\u00e8s restreint \u00e0 la maison 24 heures sur 24 pour assurer la s\u00e9curit\u00e9 des familles<\/li><li>Un sentiment d\u2019appartenance \u00e0 une communaut\u00e9 avec d\u2019autres familles qui traversent la m\u00eame \u00e9preuve.<\/li><\/ul><div>\u00a0<\/div>\t\t\t\t\t\t\t\t<\/div>\n\t\t\t\t<div class=\"elementor-element elementor-element-eb00d82 elementor-widget elementor-widget-heading\" data-id=\"eb00d82\" data-element_type=\"widget\" data-widget_type=\"heading.default\">\n\t\t\t\t\t<h2 class=\"elementor-heading-title elementor-size-default\">Avantages de parrainer une pi\u00e8ce<\/h2>\t\t\t\t<\/div>\n\t\t\t\t<div class=\"elementor-element elementor-element-746ca78 elementor-widget elementor-widget-text-editor\" data-id=\"746ca78\" data-element_type=\"widget\" data-widget_type=\"text-editor.default\">\n\t\t\t\t\t\t\t\t\t<p>En participant \u00e0 notre programme Parrainez une pi\u00e8ce, nous nous engageons \u00e0 reconna\u00eetre la g\u00e9n\u00e9rosit\u00e9 de votre don par les moyens suivants :<\/p><ul><li><strong>Des affiches bien visibles<\/strong> \u2013 votre nom sur la plaque de la salle et sur notre mur des donateurs pour une ann\u00e9e compl\u00e8te<\/li><li><strong>Notre site Web<\/strong> \u2013 votre nom ou logo avec hyperlien vers votre site Web<\/li><li><strong>Rapport d\u2019impact<\/strong> \u2013 nous vous fournirons des statistiques annuelles sur les familles desservies par la Maison Ronald McDonald de l\u2019Atlantique, ainsi quepubliciser votre soutien.<\/li><li>\u00a0<strong>M\u00e9dias sociaux<\/strong> \u2013 promotion de notre partenariat avec des photos sur nos r\u00e9seaux sociaux<\/li><li><strong>Votre service envers nos familles<\/strong> \u2013 une affiche reconnaissant votre engagement envers la Maison Ronald McDonald , qui peut \u00eatre affich\u00e9e \u00e0 la maison ou \u00e0 votre bureau.<\/li><li><strong>Reconnaissance en personne<\/strong> \u2013 r\u00e9ception au Manoir avec des invit\u00e9s pour honorer votre cadeau et votre invitation \u00e0 l\u2019\u00e9v\u00e9nement annuel de reconnaissance des donateurs.<\/li><li><strong>Souper en famille<\/strong> \u2013 possibilit\u00e9 de pr\u00e9parer un repas pour les familles s\u00e9journant \u00e0 la maison.<\/li><li><strong>Opportunit\u00e9s futures<\/strong> \u2013 vous recevrez un premier droit de refus pour parrainage les ann\u00e9es suivantes.<\/li><\/ul>\t\t\t\t\t\t\t\t<\/div>\n\t\t\t\t<\/div>\n\t\t<div class=\"elementor-element elementor-element-77a99689 e-con-full e-flex e-con e-child\" data-id=\"77a99689\" data-element_type=\"container\">\n\t\t\t\t<\/div>\n\t\t\t\t\t<\/div>\n\t\t\t\t<\/div>\n\t\t<div class=\"elementor-element elementor-element-4491815c e-flex e-con-boxed e-con e-parent\" data-id=\"4491815c\" data-element_type=\"container\">\n\t\t\t\t\t<div class=\"e-con-inner\">\n\t\t<div class=\"elementor-element elementor-element-12d6a43a e-con-full e-flex e-con e-child\" data-id=\"12d6a43a\" data-element_type=\"container\">\n\t\t\t\t<div class=\"elementor-element elementor-element-6b4da984 elementor-widget elementor-widget-heading\" data-id=\"6b4da984\" data-element_type=\"widget\" data-widget_type=\"heading.default\">\n\t\t\t\t\t<h2 class=\"elementor-heading-title elementor-size-default\">Parrainer une pi\u00e8ce au Manoir<\/h2>\t\t\t\t<\/div>\n\t\t\t\t<\/div>\n\t\t<div class=\"elementor-element elementor-element-671d8a26 e-con-full e-flex e-con e-child\" data-id=\"671d8a26\" data-element_type=\"container\">\n\t\t\t\t<div class=\"elementor-element elementor-element-135ce37b elementor-widget elementor-widget-image\" data-id=\"135ce37b\" data-element_type=\"widget\" data-widget_type=\"image.default\">\n\t\t\t\t\t\t\t\t\t\t\t\t\t\t\t<img loading=\"lazy\" decoding=\"async\" width=\"1080\" height=\"1080\" src=\"https:\/\/ronaldmcdonaldhousemaritimes.ca\/wp-content\/uploads\/Frame-33.png\" class=\"attachment-large size-large wp-image-6821\" alt=\"\" srcset=\"https:\/\/ronaldmcdonaldhousemaritimes.ca\/wp-content\/uploads\/Frame-33.png 1080w, https:\/\/ronaldmcdonaldhousemaritimes.ca\/wp-content\/uploads\/Frame-33-150x150.png 150w, https:\/\/ronaldmcdonaldhousemaritimes.ca\/wp-content\/uploads\/Frame-33-768x768.png 768w\" sizes=\"(max-width: 1080px) 100vw, 1080px\" \/>\t\t\t\t\t\t\t\t\t\t\t\t\t\t\t<\/div>\n\t\t\t\t<div class=\"elementor-element elementor-element-7220aae4 elementor-widget elementor-widget-heading\" data-id=\"7220aae4\" data-element_type=\"widget\" data-widget_type=\"heading.default\">\n\t\t\t\t\t<h2 class=\"elementor-heading-title elementor-size-default\">Grayson &amp; Lauren Mitchell<\/h2>\t\t\t\t<\/div>\n\t\t\t\t<\/div>\n\t\t<div class=\"elementor-element elementor-element-474dd972 e-con-full e-flex e-con e-child\" data-id=\"474dd972\" data-element_type=\"container\">\n\t\t\t\t<div class=\"elementor-element elementor-element-3d4dbd2f elementor-widget elementor-widget-image\" data-id=\"3d4dbd2f\" data-element_type=\"widget\" data-widget_type=\"image.default\">\n\t\t\t\t\t\t\t\t\t\t\t\t\t\t\t<img loading=\"lazy\" decoding=\"async\" width=\"1080\" height=\"1080\" src=\"https:\/\/ronaldmcdonaldhousemaritimes.ca\/wp-content\/uploads\/Frame-31.png\" class=\"attachment-large size-large wp-image-6822\" alt=\"\" srcset=\"https:\/\/ronaldmcdonaldhousemaritimes.ca\/wp-content\/uploads\/Frame-31.png 1080w, https:\/\/ronaldmcdonaldhousemaritimes.ca\/wp-content\/uploads\/Frame-31-150x150.png 150w, https:\/\/ronaldmcdonaldhousemaritimes.ca\/wp-content\/uploads\/Frame-31-768x768.png 768w\" sizes=\"(max-width: 1080px) 100vw, 1080px\" \/>\t\t\t\t\t\t\t\t\t\t\t\t\t\t\t<\/div>\n\t\t\t\t<div class=\"elementor-element elementor-element-7d69e980 elementor-widget elementor-widget-heading\" data-id=\"7d69e980\" data-element_type=\"widget\" data-widget_type=\"heading.default\">\n\t\t\t\t\t<h2 class=\"elementor-heading-title elementor-size-default\">Nana Wendy<\/h2>\t\t\t\t<\/div>\n\t\t\t\t<\/div>\n\t\t<div class=\"elementor-element elementor-element-33ab9f6d e-con-full e-flex e-con e-child\" data-id=\"33ab9f6d\" data-element_type=\"container\">\n\t\t\t\t<div class=\"elementor-element elementor-element-53125246 elementor-widget elementor-widget-image\" data-id=\"53125246\" data-element_type=\"widget\" data-widget_type=\"image.default\">\n\t\t\t\t\t\t\t\t\t\t\t\t\t\t\t<img loading=\"lazy\" decoding=\"async\" width=\"1080\" height=\"1080\" src=\"https:\/\/ronaldmcdonaldhousemaritimes.ca\/wp-content\/uploads\/Frame-32.png\" class=\"attachment-large size-large wp-image-6823\" alt=\"\" srcset=\"https:\/\/ronaldmcdonaldhousemaritimes.ca\/wp-content\/uploads\/Frame-32.png 1080w, https:\/\/ronaldmcdonaldhousemaritimes.ca\/wp-content\/uploads\/Frame-32-150x150.png 150w, https:\/\/ronaldmcdonaldhousemaritimes.ca\/wp-content\/uploads\/Frame-32-768x768.png 768w\" sizes=\"(max-width: 1080px) 100vw, 1080px\" \/>\t\t\t\t\t\t\t\t\t\t\t\t\t\t\t<\/div>\n\t\t\t\t<div class=\"elementor-element elementor-element-31e93b1e elementor-widget elementor-widget-heading\" data-id=\"31e93b1e\" data-element_type=\"widget\" data-widget_type=\"heading.default\">\n\t\t\t\t\t<h2 class=\"elementor-heading-title elementor-size-default\">Steve &amp; Bernice Meade<\/h2>\t\t\t\t<\/div>\n\t\t\t\t<\/div>\n\t\t<div class=\"elementor-element elementor-element-c86083b e-con-full e-flex e-con e-child\" data-id=\"c86083b\" data-element_type=\"container\">\n\t\t\t\t<div class=\"elementor-element elementor-element-2977efd7 elementor-widget elementor-widget-image\" data-id=\"2977efd7\" data-element_type=\"widget\" data-widget_type=\"image.default\">\n\t\t\t\t\t\t\t\t\t\t\t\t\t\t\t<img loading=\"lazy\" decoding=\"async\" width=\"1080\" height=\"1080\" src=\"https:\/\/ronaldmcdonaldhousemaritimes.ca\/wp-content\/uploads\/Frame-30.png\" class=\"attachment-large size-large wp-image-6816\" alt=\"\" srcset=\"https:\/\/ronaldmcdonaldhousemaritimes.ca\/wp-content\/uploads\/Frame-30.png 1080w, https:\/\/ronaldmcdonaldhousemaritimes.ca\/wp-content\/uploads\/Frame-30-150x150.png 150w, https:\/\/ronaldmcdonaldhousemaritimes.ca\/wp-content\/uploads\/Frame-30-768x768.png 768w\" sizes=\"(max-width: 1080px) 100vw, 1080px\" \/>\t\t\t\t\t\t\t\t\t\t\t\t\t\t\t<\/div>\n\t\t\t\t<div class=\"elementor-element elementor-element-51c20a2a elementor-widget elementor-widget-heading\" data-id=\"51c20a2a\" data-element_type=\"widget\" data-widget_type=\"heading.default\">\n\t\t\t\t\t<h2 class=\"elementor-heading-title elementor-size-default\">Clearwater Cares<\/h2>\t\t\t\t<\/div>\n\t\t\t\t<\/div>\n\t\t<div class=\"elementor-element elementor-element-422e3ed2 e-con-full e-flex e-con e-child\" data-id=\"422e3ed2\" data-element_type=\"container\">\n\t\t\t\t<div class=\"elementor-element elementor-element-61deebfe elementor-widget elementor-widget-image\" data-id=\"61deebfe\" data-element_type=\"widget\" data-widget_type=\"image.default\">\n\t\t\t\t\t\t\t\t\t\t\t\t\t\t\t<img loading=\"lazy\" decoding=\"async\" width=\"1080\" height=\"1080\" src=\"https:\/\/ronaldmcdonaldhousemaritimes.ca\/wp-content\/uploads\/Frame-30-1.png\" class=\"attachment-large size-large wp-image-6817\" alt=\"\" srcset=\"https:\/\/ronaldmcdonaldhousemaritimes.ca\/wp-content\/uploads\/Frame-30-1.png 1080w, https:\/\/ronaldmcdonaldhousemaritimes.ca\/wp-content\/uploads\/Frame-30-1-150x150.png 150w, https:\/\/ronaldmcdonaldhousemaritimes.ca\/wp-content\/uploads\/Frame-30-1-768x768.png 768w\" sizes=\"(max-width: 1080px) 100vw, 1080px\" \/>\t\t\t\t\t\t\t\t\t\t\t\t\t\t\t<\/div>\n\t\t\t\t<div class=\"elementor-element elementor-element-3378d436 elementor-widget elementor-widget-heading\" data-id=\"3378d436\" data-element_type=\"widget\" data-widget_type=\"heading.default\">\n\t\t\t\t\t<h2 class=\"elementor-heading-title elementor-size-default\">CH Financial Ltd. &amp; Erika Stewart, in memory of Jack MacLaughlin<\/h2>\t\t\t\t<\/div>\n\t\t\t\t<\/div>\n\t\t<div class=\"elementor-element elementor-element-7dfce5ea e-con-full e-flex e-con e-child\" data-id=\"7dfce5ea\" data-element_type=\"container\">\n\t\t\t\t<div class=\"elementor-element elementor-element-31d769dc elementor-widget elementor-widget-image\" data-id=\"31d769dc\" data-element_type=\"widget\" data-widget_type=\"image.default\">\n\t\t\t\t\t\t\t\t\t\t\t\t\t\t\t<img loading=\"lazy\" decoding=\"async\" width=\"1080\" height=\"1080\" src=\"https:\/\/ronaldmcdonaldhousemaritimes.ca\/wp-content\/uploads\/Frame-30-4.png\" class=\"attachment-large size-large wp-image-6820\" alt=\"\" srcset=\"https:\/\/ronaldmcdonaldhousemaritimes.ca\/wp-content\/uploads\/Frame-30-4.png 1080w, https:\/\/ronaldmcdonaldhousemaritimes.ca\/wp-content\/uploads\/Frame-30-4-150x150.png 150w, https:\/\/ronaldmcdonaldhousemaritimes.ca\/wp-content\/uploads\/Frame-30-4-768x768.png 768w\" sizes=\"(max-width: 1080px) 100vw, 1080px\" \/>\t\t\t\t\t\t\t\t\t\t\t\t\t\t\t<\/div>\n\t\t\t\t<div class=\"elementor-element elementor-element-6ae4680 elementor-widget elementor-widget-heading\" data-id=\"6ae4680\" data-element_type=\"widget\" data-widget_type=\"heading.default\">\n\t\t\t\t\t<h2 class=\"elementor-heading-title elementor-size-default\">James Publicover and Janet Mitchell<\/h2>\t\t\t\t<\/div>\n\t\t\t\t<\/div>\n\t\t<div class=\"elementor-element elementor-element-455ed176 e-con-full e-flex e-con e-child\" data-id=\"455ed176\" data-element_type=\"container\">\n\t\t\t\t<div class=\"elementor-element elementor-element-49249c00 elementor-widget elementor-widget-image\" data-id=\"49249c00\" data-element_type=\"widget\" data-widget_type=\"image.default\">\n\t\t\t\t\t\t\t\t\t\t\t\t\t\t\t<img loading=\"lazy\" decoding=\"async\" width=\"320\" height=\"320\" src=\"https:\/\/ronaldmcdonaldhousemaritimes.ca\/wp-content\/uploads\/Frame-26.png\" class=\"attachment-large size-large wp-image-6296\" alt=\"\" srcset=\"https:\/\/ronaldmcdonaldhousemaritimes.ca\/wp-content\/uploads\/Frame-26.png 320w, https:\/\/ronaldmcdonaldhousemaritimes.ca\/wp-content\/uploads\/Frame-26-150x150.png 150w\" sizes=\"(max-width: 320px) 100vw, 320px\" \/>\t\t\t\t\t\t\t\t\t\t\t\t\t\t\t<\/div>\n\t\t\t\t<div class=\"elementor-element elementor-element-2626c7b7 elementor-widget elementor-widget-heading\" data-id=\"2626c7b7\" data-element_type=\"widget\" data-widget_type=\"heading.default\">\n\t\t\t\t\t<h2 class=\"elementor-heading-title elementor-size-default\">Livia Properties<\/h2>\t\t\t\t<\/div>\n\t\t\t\t<\/div>\n\t\t\t\t\t<\/div>\n\t\t\t\t<\/div>\n\t\t<div class=\"elementor-element elementor-element-0ee1d55 e-con-full e-flex e-con e-parent\" data-id=\"0ee1d55\" data-element_type=\"container\">\n\t\t<div class=\"elementor-element elementor-element-186e0a6 e-con-full e-flex e-con e-child\" data-id=\"186e0a6\" data-element_type=\"container\" data-settings=\"{&quot;background_background&quot;:&quot;classic&quot;}\">\n\t\t<div class=\"elementor-element elementor-element-0045302 e-con-full e-flex e-con e-child\" data-id=\"0045302\" data-element_type=\"container\">\n\t\t\t\t<div class=\"elementor-element elementor-element-a7b95d7 elementor-widget elementor-widget-html\" data-id=\"a7b95d7\" data-element_type=\"widget\" data-widget_type=\"html.default\">\n\t\t\t\t\t<!-- Begin Constant Contact Inline Form Code -->\n<div class=\"ctct-inline-form\" data-form-id=\"0d88ae06-ec6b-4e70-af38-d68db87c2596\"><\/div>\n<!-- End Constant Contact Inline Form Code -->\n\n<style>\n .ctct-form-embed.form_0 .ctct-form-defaults {\n  background: #FFBC0D;\n  color: black;\n\n}   \n    \n<\/style>\t\t\t\t<\/div>\n\t\t\t\t<\/div>\n\t\t<div class=\"elementor-element elementor-element-215b7b0 e-con-full e-flex e-con e-child\" data-id=\"215b7b0\" data-element_type=\"container\">\n\t\t\t\t<div class=\"elementor-element elementor-element-8227a60 elementor-widget elementor-widget-heading\" data-id=\"8227a60\" data-element_type=\"widget\" data-widget_type=\"heading.default\">\n\t\t\t\t\t<h2 class=\"elementor-heading-title elementor-size-default\"><h2 data-elementor-setting-key=\"title\" data-pen-placeholder=\"Type Here...\" style=\", sans-serif;font-weight: 400;line-height: 38.4px;font-size: 32px;letter-spacing: -0.2px\">Suivez nous!<span style=\"letter-spacing: -0.2px\"><\/span><\/h2><\/h2>\t\t\t\t<\/div>\n\t\t<div class=\"elementor-element elementor-element-8af1d85 e-con-full e-flex e-con e-child\" data-id=\"8af1d85\" data-element_type=\"container\">\n\t\t\t\t<div class=\"elementor-element elementor-element-03af121 elementor-widget elementor-widget-image\" data-id=\"03af121\" data-element_type=\"widget\" data-widget_type=\"image.default\">\n\t\t\t\t\t\t\t\t\t\t\t\t\t\t\t\t<a href=\"https:\/\/www.linkedin.com\/company\/ronaldmcdonaldhousemaritimes\">\n\t\t\t\t\t\t\t<img decoding=\"async\" src=\"https:\/\/ronaldmcdonaldhousemaritimes.ca\/wp-content\/uploads\/RMHC_Social_Icon_Linked_In.svg\" title=\"RMHC_Social_Icon_Linked_In\" alt=\"Ic\u00f4ne de m\u00e9dias sociaux dessin\u00e9e \u00e0 la main pour RMH linked in\" class=\"elementor-animation-pulse\" loading=\"lazy\" \/>\t\t\t\t\t\t\t\t<\/a>\n\t\t\t\t\t\t\t\t\t\t\t\t\t\t\t<\/div>\n\t\t\t\t<div class=\"elementor-element elementor-element-f3f3aaf social-icon-svg elementor-widget elementor-widget-image\" data-id=\"f3f3aaf\" data-element_type=\"widget\" data-widget_type=\"image.default\">\n\t\t\t\t\t\t\t\t\t\t\t\t\t\t\t\t<a href=\"https:\/\/www.facebook.com\/RonaldMcDonaldHouseMaritimes\/\">\n\t\t\t\t\t\t\t<img decoding=\"async\" src=\"https:\/\/ronaldmcdonaldhousemaritimes.ca\/wp-content\/uploads\/RMHC_Social_Icon_Facebook.svg\" title=\"RMHC_Social_Icon_Facebook\" alt=\"Ic\u00f4ne de m\u00e9dias sociaux dessin\u00e9e \u00e0 la main pour RMH face book\" class=\"elementor-animation-pulse\" loading=\"lazy\" \/>\t\t\t\t\t\t\t\t<\/a>\n\t\t\t\t\t\t\t\t\t\t\t\t\t\t\t<\/div>\n\t\t\t\t<div class=\"elementor-element elementor-element-0c6c05f elementor-widget elementor-widget-image\" data-id=\"0c6c05f\" data-element_type=\"widget\" data-widget_type=\"image.default\">\n\t\t\t\t\t\t\t\t\t\t\t\t\t\t\t\t<a href=\"https:\/\/www.instagram.com\/ronaldmcdonaldhousemaritimes\/#\">\n\t\t\t\t\t\t\t<img decoding=\"async\" src=\"https:\/\/ronaldmcdonaldhousemaritimes.ca\/wp-content\/uploads\/RMHC_Social_Icon_Instagram.svg\" title=\"RMHC_Social_Icon_Instagram\" alt=\"Ic\u00f4ne de m\u00e9dias sociaux dessin\u00e9e \u00e0 la main pour RMH instagram\" class=\"elementor-animation-pulse\" loading=\"lazy\" \/>\t\t\t\t\t\t\t\t<\/a>\n\t\t\t\t\t\t\t\t\t\t\t\t\t\t\t<\/div>\n\t\t\t\t<\/div>\n\t\t\t\t<\/div>\n\t\t\t\t<\/div>\n\t\t\t\t<\/div>\n\t\t\t\t<\/div>\n\t\t","protected":false},"excerpt":{"rendered":"<p>Parrainage d\u2019une pi\u00e8ce au Manoir Votre contribution servira \u00e0 d\u00e9frayer les co\u00fbts d\u2019entretien et d\u2019exploitation de la pi\u00e8ce parrain\u00e9e. Gr\u00e2ce \u00e0 votre soutien, les parents vivant des moments difficiles pourront profiter de l\u2019atmosph\u00e8re familiale et r\u00e9confortante du Manoir lors de l\u2019hospitalisation ou des traitements de leur enfant. CLIQUEZ ICI pour notre brochure d\u2019information sur le [&hellip;]<\/p>\n","protected":false},"author":10,"featured_media":0,"parent":6347,"menu_order":0,"comment_status":"closed","ping_status":"closed","template":"","meta":{"footnotes":""},"class_list":["post-6307","page","type-page","status-publish","hentry"],"_links":{"self":[{"href":"https:\/\/ronaldmcdonaldhousemaritimes.ca\/fr\/wp-json\/wp\/v2\/pages\/6307","targetHints":{"allow":["GET"]}}],"collection":[{"href":"https:\/\/ronaldmcdonaldhousemaritimes.ca\/fr\/wp-json\/wp\/v2\/pages"}],"about":[{"href":"https:\/\/ronaldmcdonaldhousemaritimes.ca\/fr\/wp-json\/wp\/v2\/types\/page"}],"author":[{"embeddable":true,"href":"https:\/\/ronaldmcdonaldhousemaritimes.ca\/fr\/wp-json\/wp\/v2\/users\/10"}],"replies":[{"embeddable":true,"href":"https:\/\/ronaldmcdonaldhousemaritimes.ca\/fr\/wp-json\/wp\/v2\/comments?post=6307"}],"version-history":[{"count":0,"href":"https:\/\/ronaldmcdonaldhousemaritimes.ca\/fr\/wp-json\/wp\/v2\/pages\/6307\/revisions"}],"up":[{"embeddable":true,"href":"https:\/\/ronaldmcdonaldhousemaritimes.ca\/fr\/wp-json\/wp\/v2\/pages\/6347"}],"wp:attachment":[{"href":"https:\/\/ronaldmcdonaldhousemaritimes.ca\/fr\/wp-json\/wp\/v2\/media?parent=6307"}],"curies":[{"name":"wp","href":"https:\/\/api.w.org\/{rel}","templated":true}]}}