{"id":6536,"date":"2025-10-13T16:00:44","date_gmt":"2025-10-13T21:00:44","guid":{"rendered":"https:\/\/ronaldmcdonaldhousemaritimes.ca\/?page_id=6536"},"modified":"2025-11-26T15:20:23","modified_gmt":"2025-11-26T21:20:23","slug":"faites-un-don","status":"publish","type":"page","link":"https:\/\/ronaldmcdonaldhousemaritimes.ca\/fr\/faites-un-don\/","title":{"rendered":"Faites un don"},"content":{"rendered":"\t\t<div data-elementor-type=\"wp-page\" data-elementor-id=\"6536\" class=\"elementor elementor-6536 elementor-6508\" data-elementor-post-type=\"page\">\n\t\t\t\t<div class=\"elementor-element elementor-element-4282dd5c e-con-full e-flex e-con e-parent\" data-id=\"4282dd5c\" data-element_type=\"container\">\n\t\t\t\t<div class=\"elementor-element elementor-element-641370fa elementor-widget__width-initial elementor-hidden-mobile elementor-widget elementor-widget-image\" data-id=\"641370fa\" data-element_type=\"widget\" data-widget_type=\"image.default\">\n\t\t\t\t\t\t\t\t\t\t\t\t\t\t\t<img fetchpriority=\"high\" decoding=\"async\" width=\"1450\" height=\"620\" src=\"https:\/\/ronaldmcdonaldhousemaritimes.ca\/wp-content\/uploads\/Image-98-scaled-1450.png\" class=\"attachment-full size-full wp-image-6529\" alt=\"\" srcset=\"https:\/\/ronaldmcdonaldhousemaritimes.ca\/wp-content\/uploads\/Image-98-scaled-1450.png 1450w, https:\/\/ronaldmcdonaldhousemaritimes.ca\/wp-content\/uploads\/Image-98-scaled-1450-150x64.png 150w, https:\/\/ronaldmcdonaldhousemaritimes.ca\/wp-content\/uploads\/Image-98-scaled-1450-768x328.png 768w\" sizes=\"(max-width: 1450px) 100vw, 1450px\" \/>\t\t\t\t\t\t\t\t\t\t\t\t\t\t\t<\/div>\n\t\t\t\t<div class=\"elementor-element elementor-element-2355f2dd elementor-hidden-desktop elementor-hidden-tablet elementor-widget elementor-widget-image\" data-id=\"2355f2dd\" data-element_type=\"widget\" data-widget_type=\"image.default\">\n\t\t\t\t\t\t\t\t\t\t\t\t\t\t\t<img decoding=\"async\" width=\"1000\" height=\"850\" src=\"https:\/\/ronaldmcdonaldhousemaritimes.ca\/wp-content\/uploads\/Image-98-scaled-1000.png\" class=\"attachment-full size-full wp-image-6531\" alt=\"\" srcset=\"https:\/\/ronaldmcdonaldhousemaritimes.ca\/wp-content\/uploads\/Image-98-scaled-1000.png 1000w, https:\/\/ronaldmcdonaldhousemaritimes.ca\/wp-content\/uploads\/Image-98-scaled-1000-150x128.png 150w, https:\/\/ronaldmcdonaldhousemaritimes.ca\/wp-content\/uploads\/Image-98-scaled-1000-768x653.png 768w\" sizes=\"(max-width: 1000px) 100vw, 1000px\" \/>\t\t\t\t\t\t\t\t\t\t\t\t\t\t\t<\/div>\n\t\t\t\t<\/div>\n\t\t<div class=\"elementor-element elementor-element-de57b45 e-flex e-con-boxed e-con e-parent\" data-id=\"de57b45\" data-element_type=\"container\" data-settings=\"{&quot;background_background&quot;:&quot;classic&quot;}\">\n\t\t\t\t\t<div class=\"e-con-inner\">\n\t\t<div class=\"elementor-element elementor-element-75824b5 e-con-full e-flex e-con e-child\" data-id=\"75824b5\" data-element_type=\"container\">\n\t\t\t\t<div class=\"elementor-element elementor-element-4f192fc elementor-widget elementor-widget-text-editor\" data-id=\"4f192fc\" data-element_type=\"widget\" data-widget_type=\"text-editor.default\">\n\t\t\t\t\t\t\t\t\t<h2>Donation Form<\/h2><p><span style=\"font-weight: 400;\">Having trouble viewing our donation form? <a href=\"https:\/\/wl.donorperfect.net\/weblink\/WebLink.aspx?name=E355843QE&amp;id=109\" target=\"_blank\" rel=\"noopener\">Click here<\/a>!<\/span><\/p>\t\t\t\t\t\t\t\t<\/div>\n\t\t\t\t<div class=\"elementor-element elementor-element-1d3ef84 elementor-widget elementor-widget-shortcode\" data-id=\"1d3ef84\" data-element_type=\"widget\" data-widget_type=\"shortcode.default\">\n\t\t\t\t\t\t\t<div class=\"elementor-shortcode\"><iframe\n  src=\"https:\/\/wl.donorperfect.net\/weblink\/WebLink.aspx?name=E355843QE&id=109\"\n  title=\"Donation form \u2014 Ronald McDonald House\"\n  width=\"100%\"\n  height=\"1200\"\n  style=\"border:0; max-width:100%;\"\n  frameborder=\"0\"\n  allow=\"payment *; clipboard-write; encrypted-media; fullscreen\"\n  loading=\"lazy\">\n<\/iframe>\n<\/div>\n\t\t\t\t\t\t<\/div>\n\t\t\t\t<\/div>\n\t\t\t\t\t<\/div>\n\t\t\t\t<\/div>\n\t\t<div class=\"elementor-element elementor-element-6577e110 e-flex e-con-boxed e-con e-parent\" data-id=\"6577e110\" data-element_type=\"container\">\n\t\t\t\t\t<div class=\"e-con-inner\">\n\t\t<a class=\"elementor-element elementor-element-37927fb8 e-con-full aminate-on-hover e-flex e-con e-child\" data-id=\"37927fb8\" data-element_type=\"container\" data-settings=\"{&quot;background_background&quot;:&quot;classic&quot;}\" href=\"https:\/\/ronaldmcdonaldhousemaritimes.ca\/donate\/monthly-giving\/\">\n\t\t<div class=\"elementor-element elementor-element-334f51e2 e-con-full animate-peek-a-boo e-flex e-con e-child\" data-id=\"334f51e2\" data-element_type=\"container\" data-settings=\"{&quot;background_background&quot;:&quot;classic&quot;}\">\n\t\t\t\t<div class=\"elementor-element elementor-element-37078b0f animate-zoom elementor-widget__width-initial elementor-widget-mobile__width-initial elementor-widget elementor-widget-heading\" data-id=\"37078b0f\" data-element_type=\"widget\" data-widget_type=\"heading.default\">\n\t\t\t\t\t<h2 class=\"elementor-heading-title elementor-size-default\">Don <br>mensuel<\/h2>\t\t\t\t<\/div>\n\t\t\t\t<div class=\"elementor-element elementor-element-35afc207 elementor-widget elementor-widget-text-editor\" data-id=\"35afc207\" data-element_type=\"widget\" data-widget_type=\"text-editor.default\">\n\t\t\t\t\t\t\t\t\t<p>Rejoignez le Club Bienveillance de la Maison Ronald McDonald des Maritimes<\/p>\t\t\t\t\t\t\t\t<\/div>\n\t\t\t\t<div class=\"elementor-element elementor-element-3e8a0d3b e-transform animate-slide elementor-view-default elementor-widget elementor-widget-icon\" data-id=\"3e8a0d3b\" data-element_type=\"widget\" data-settings=\"{&quot;_transform_translateY_effect&quot;:{&quot;unit&quot;:&quot;px&quot;,&quot;size&quot;:-20,&quot;sizes&quot;:[]},&quot;_transform_translateX_effect&quot;:{&quot;unit&quot;:&quot;px&quot;,&quot;size&quot;:&quot;&quot;,&quot;sizes&quot;:[]},&quot;_transform_translateX_effect_tablet&quot;:{&quot;unit&quot;:&quot;px&quot;,&quot;size&quot;:&quot;&quot;,&quot;sizes&quot;:[]},&quot;_transform_translateX_effect_mobile&quot;:{&quot;unit&quot;:&quot;px&quot;,&quot;size&quot;:&quot;&quot;,&quot;sizes&quot;:[]},&quot;_transform_translateY_effect_tablet&quot;:{&quot;unit&quot;:&quot;px&quot;,&quot;size&quot;:&quot;&quot;,&quot;sizes&quot;:[]},&quot;_transform_translateY_effect_mobile&quot;:{&quot;unit&quot;:&quot;px&quot;,&quot;size&quot;:&quot;&quot;,&quot;sizes&quot;:[]}}\" data-widget_type=\"icon.default\">\n\t\t\t\t\t\t\t<div class=\"elementor-icon-wrapper\">\n\t\t\t<div class=\"elementor-icon\">\n\t\t\t<svg aria-hidden=\"true\" class=\"e-font-icon-svg e-fas-arrow-right\" viewBox=\"0 0 448 512\" xmlns=\"http:\/\/www.w3.org\/2000\/svg\"><path d=\"M190.5 66.9l22.2-22.2c9.4-9.4 24.6-9.4 33.9 0L441 239c9.4 9.4 9.4 24.6 0 33.9L246.6 467.3c-9.4 9.4-24.6 9.4-33.9 0l-22.2-22.2c-9.5-9.5-9.3-25 .4-34.3L311.4 296H24c-13.3 0-24-10.7-24-24v-32c0-13.3 10.7-24 24-24h287.4L190.9 101.2c-9.8-9.3-10-24.8-.4-34.3z\"><\/path><\/svg>\t\t\t<\/div>\n\t\t<\/div>\n\t\t\t\t\t\t<\/div>\n\t\t\t\t<\/div>\n\t\t\t\t<\/a>\n\t\t<a class=\"elementor-element elementor-element-748b879c e-con-full aminate-on-hover e-flex e-con e-child\" data-id=\"748b879c\" data-element_type=\"container\" data-settings=\"{&quot;background_background&quot;:&quot;classic&quot;}\" href=\"https:\/\/ronaldmcdonaldhousemaritimes.ca\/ways-to-help\/leave-a-gift-in-my-will\/\">\n\t\t<div class=\"elementor-element elementor-element-2f0957cb e-con-full animate-peek-a-boo e-flex e-con e-child\" data-id=\"2f0957cb\" data-element_type=\"container\" data-settings=\"{&quot;background_background&quot;:&quot;classic&quot;}\">\n\t\t\t\t<div class=\"elementor-element elementor-element-443da6b animate-zoom elementor-widget__width-initial elementor-widget-mobile__width-initial elementor-widget elementor-widget-heading\" data-id=\"443da6b\" data-element_type=\"widget\" data-widget_type=\"heading.default\">\n\t\t\t\t\t<h2 class=\"elementor-heading-title elementor-size-default\">Don<br>planifi\u00e9<\/h2>\t\t\t\t<\/div>\n\t\t\t\t<div class=\"elementor-element elementor-element-82264e4 elementor-widget elementor-widget-text-editor\" data-id=\"82264e4\" data-element_type=\"widget\" data-widget_type=\"text-editor.default\">\n\t\t\t\t\t\t\t\t\t<p>Offrez le don d\u2019\u00eatre ensemble aux familles des Maritimes..<\/p>\t\t\t\t\t\t\t\t<\/div>\n\t\t\t\t<div class=\"elementor-element elementor-element-19aae3f1 e-transform animate-slide elementor-view-default elementor-widget elementor-widget-icon\" data-id=\"19aae3f1\" data-element_type=\"widget\" data-settings=\"{&quot;_transform_translateY_effect&quot;:{&quot;unit&quot;:&quot;px&quot;,&quot;size&quot;:-20,&quot;sizes&quot;:[]},&quot;_transform_translateX_effect&quot;:{&quot;unit&quot;:&quot;px&quot;,&quot;size&quot;:&quot;&quot;,&quot;sizes&quot;:[]},&quot;_transform_translateX_effect_tablet&quot;:{&quot;unit&quot;:&quot;px&quot;,&quot;size&quot;:&quot;&quot;,&quot;sizes&quot;:[]},&quot;_transform_translateX_effect_mobile&quot;:{&quot;unit&quot;:&quot;px&quot;,&quot;size&quot;:&quot;&quot;,&quot;sizes&quot;:[]},&quot;_transform_translateY_effect_tablet&quot;:{&quot;unit&quot;:&quot;px&quot;,&quot;size&quot;:&quot;&quot;,&quot;sizes&quot;:[]},&quot;_transform_translateY_effect_mobile&quot;:{&quot;unit&quot;:&quot;px&quot;,&quot;size&quot;:&quot;&quot;,&quot;sizes&quot;:[]}}\" data-widget_type=\"icon.default\">\n\t\t\t\t\t\t\t<div class=\"elementor-icon-wrapper\">\n\t\t\t<div class=\"elementor-icon\">\n\t\t\t<svg aria-hidden=\"true\" class=\"e-font-icon-svg e-fas-arrow-right\" viewBox=\"0 0 448 512\" xmlns=\"http:\/\/www.w3.org\/2000\/svg\"><path d=\"M190.5 66.9l22.2-22.2c9.4-9.4 24.6-9.4 33.9 0L441 239c9.4 9.4 9.4 24.6 0 33.9L246.6 467.3c-9.4 9.4-24.6 9.4-33.9 0l-22.2-22.2c-9.5-9.5-9.3-25 .4-34.3L311.4 296H24c-13.3 0-24-10.7-24-24v-32c0-13.3 10.7-24 24-24h287.4L190.9 101.2c-9.8-9.3-10-24.8-.4-34.3z\"><\/path><\/svg>\t\t\t<\/div>\n\t\t<\/div>\n\t\t\t\t\t\t<\/div>\n\t\t\t\t<\/div>\n\t\t\t\t<\/a>\n\t\t<a class=\"elementor-element elementor-element-54675f7d e-con-full aminate-on-hover e-flex e-con e-child\" data-id=\"54675f7d\" data-element_type=\"container\" data-settings=\"{&quot;background_background&quot;:&quot;classic&quot;}\" href=\"https:\/\/ronaldmcdonaldhousemaritimes.ca\/ways-to-help\/\">\n\t\t<div class=\"elementor-element elementor-element-4d479841 e-con-full animate-peek-a-boo e-flex e-con e-child\" data-id=\"4d479841\" data-element_type=\"container\" data-settings=\"{&quot;background_background&quot;:&quot;classic&quot;}\">\n\t\t\t\t<div class=\"elementor-element elementor-element-2d885457 animate-zoom elementor-widget__width-initial elementor-widget-mobile__width-initial elementor-widget elementor-widget-heading\" data-id=\"2d885457\" data-element_type=\"widget\" data-widget_type=\"heading.default\">\n\t\t\t\t\t<h2 class=\"elementor-heading-title elementor-size-default\">Comment<br> aider<\/h2>\t\t\t\t<\/div>\n\t\t\t\t<div class=\"elementor-element elementor-element-3df11910 elementor-widget elementor-widget-text-editor\" data-id=\"3df11910\" data-element_type=\"widget\" data-widget_type=\"text-editor.default\">\n\t\t\t\t\t\t\t\t\t<p>Donnez aujourd\u2019hui pour aider les familles des Maritimes.<\/p>\t\t\t\t\t\t\t\t<\/div>\n\t\t\t\t<div class=\"elementor-element elementor-element-339db594 e-transform animate-slide elementor-view-default elementor-widget elementor-widget-icon\" data-id=\"339db594\" data-element_type=\"widget\" data-settings=\"{&quot;_transform_translateY_effect&quot;:{&quot;unit&quot;:&quot;px&quot;,&quot;size&quot;:-20,&quot;sizes&quot;:[]},&quot;_transform_translateX_effect&quot;:{&quot;unit&quot;:&quot;px&quot;,&quot;size&quot;:&quot;&quot;,&quot;sizes&quot;:[]},&quot;_transform_translateX_effect_tablet&quot;:{&quot;unit&quot;:&quot;px&quot;,&quot;size&quot;:&quot;&quot;,&quot;sizes&quot;:[]},&quot;_transform_translateX_effect_mobile&quot;:{&quot;unit&quot;:&quot;px&quot;,&quot;size&quot;:&quot;&quot;,&quot;sizes&quot;:[]},&quot;_transform_translateY_effect_tablet&quot;:{&quot;unit&quot;:&quot;px&quot;,&quot;size&quot;:&quot;&quot;,&quot;sizes&quot;:[]},&quot;_transform_translateY_effect_mobile&quot;:{&quot;unit&quot;:&quot;px&quot;,&quot;size&quot;:&quot;&quot;,&quot;sizes&quot;:[]}}\" data-widget_type=\"icon.default\">\n\t\t\t\t\t\t\t<div class=\"elementor-icon-wrapper\">\n\t\t\t<div class=\"elementor-icon\">\n\t\t\t<svg aria-hidden=\"true\" class=\"e-font-icon-svg e-fas-arrow-right\" viewBox=\"0 0 448 512\" xmlns=\"http:\/\/www.w3.org\/2000\/svg\"><path d=\"M190.5 66.9l22.2-22.2c9.4-9.4 24.6-9.4 33.9 0L441 239c9.4 9.4 9.4 24.6 0 33.9L246.6 467.3c-9.4 9.4-24.6 9.4-33.9 0l-22.2-22.2c-9.5-9.5-9.3-25 .4-34.3L311.4 296H24c-13.3 0-24-10.7-24-24v-32c0-13.3 10.7-24 24-24h287.4L190.9 101.2c-9.8-9.3-10-24.8-.4-34.3z\"><\/path><\/svg>\t\t\t<\/div>\n\t\t<\/div>\n\t\t\t\t\t\t<\/div>\n\t\t\t\t<\/div>\n\t\t\t\t<\/a>\n\t\t\t\t\t<\/div>\n\t\t\t\t<\/div>\n\t\t<div class=\"elementor-element elementor-element-46664d8 e-con-full e-flex e-con e-parent\" data-id=\"46664d8\" data-element_type=\"container\">\n\t\t<div class=\"elementor-element elementor-element-86196fd e-con-full e-flex e-con e-child\" data-id=\"86196fd\" data-element_type=\"container\" data-settings=\"{&quot;background_background&quot;:&quot;classic&quot;}\">\n\t\t<div class=\"elementor-element elementor-element-9e32d8b e-con-full e-flex e-con e-child\" data-id=\"9e32d8b\" data-element_type=\"container\">\n\t\t\t\t<div class=\"elementor-element elementor-element-cccd4ba elementor-widget elementor-widget-html\" data-id=\"cccd4ba\" data-element_type=\"widget\" data-widget_type=\"html.default\">\n\t\t\t\t\t<!-- Begin Constant Contact Inline Form Code -->\n<div class=\"ctct-inline-form\" data-form-id=\"0d88ae06-ec6b-4e70-af38-d68db87c2596\"><\/div>\n<!-- End Constant Contact Inline Form Code -->\n\n<style>\n .ctct-form-embed.form_0 .ctct-form-defaults {\n  background: #FFBC0D;\n  color: black;\n\n}   \n    \n<\/style>\t\t\t\t<\/div>\n\t\t\t\t<\/div>\n\t\t<div class=\"elementor-element elementor-element-f3e26f4 e-con-full e-flex e-con e-child\" data-id=\"f3e26f4\" data-element_type=\"container\">\n\t\t\t\t<div class=\"elementor-element elementor-element-8c8f836 elementor-widget elementor-widget-heading\" data-id=\"8c8f836\" data-element_type=\"widget\" data-widget_type=\"heading.default\">\n\t\t\t\t\t<h2 class=\"elementor-heading-title elementor-size-default\"><h2 data-elementor-setting-key=\"title\" data-pen-placeholder=\"Type Here...\" style=\", sans-serif;font-weight: 400;line-height: 38.4px;font-size: 32px;letter-spacing: -0.2px\">Suivez nous!<span style=\"letter-spacing: -0.2px\"><\/span><\/h2><\/h2>\t\t\t\t<\/div>\n\t\t<div class=\"elementor-element elementor-element-197562c e-con-full e-flex e-con e-child\" data-id=\"197562c\" data-element_type=\"container\">\n\t\t\t\t<div class=\"elementor-element elementor-element-b3b05a4 elementor-widget elementor-widget-image\" data-id=\"b3b05a4\" data-element_type=\"widget\" data-widget_type=\"image.default\">\n\t\t\t\t\t\t\t\t\t\t\t\t\t\t\t\t<a href=\"https:\/\/www.linkedin.com\/company\/ronaldmcdonaldhousemaritimes\">\n\t\t\t\t\t\t\t<img decoding=\"async\" src=\"https:\/\/ronaldmcdonaldhousemaritimes.ca\/wp-content\/uploads\/RMHC_Social_Icon_Linked_In.svg\" title=\"RMHC_Social_Icon_Linked_In\" alt=\"Ic\u00f4ne de m\u00e9dias sociaux dessin\u00e9e \u00e0 la main pour RMH linked in\" class=\"elementor-animation-pulse\" loading=\"lazy\" \/>\t\t\t\t\t\t\t\t<\/a>\n\t\t\t\t\t\t\t\t\t\t\t\t\t\t\t<\/div>\n\t\t\t\t<div class=\"elementor-element elementor-element-068b555 social-icon-svg elementor-widget elementor-widget-image\" data-id=\"068b555\" data-element_type=\"widget\" data-widget_type=\"image.default\">\n\t\t\t\t\t\t\t\t\t\t\t\t\t\t\t\t<a href=\"https:\/\/www.facebook.com\/RonaldMcDonaldHouseMaritimes\/\">\n\t\t\t\t\t\t\t<img decoding=\"async\" src=\"https:\/\/ronaldmcdonaldhousemaritimes.ca\/wp-content\/uploads\/RMHC_Social_Icon_Facebook.svg\" title=\"RMHC_Social_Icon_Facebook\" alt=\"Ic\u00f4ne de m\u00e9dias sociaux dessin\u00e9e \u00e0 la main pour RMH face book\" class=\"elementor-animation-pulse\" loading=\"lazy\" \/>\t\t\t\t\t\t\t\t<\/a>\n\t\t\t\t\t\t\t\t\t\t\t\t\t\t\t<\/div>\n\t\t\t\t<div class=\"elementor-element elementor-element-e1c594a elementor-widget elementor-widget-image\" data-id=\"e1c594a\" data-element_type=\"widget\" data-widget_type=\"image.default\">\n\t\t\t\t\t\t\t\t\t\t\t\t\t\t\t\t<a href=\"https:\/\/www.instagram.com\/ronaldmcdonaldhousemaritimes\/#\">\n\t\t\t\t\t\t\t<img decoding=\"async\" src=\"https:\/\/ronaldmcdonaldhousemaritimes.ca\/wp-content\/uploads\/RMHC_Social_Icon_Instagram.svg\" title=\"RMHC_Social_Icon_Instagram\" alt=\"Ic\u00f4ne de m\u00e9dias sociaux dessin\u00e9e \u00e0 la main pour RMH instagram\" class=\"elementor-animation-pulse\" loading=\"lazy\" \/>\t\t\t\t\t\t\t\t<\/a>\n\t\t\t\t\t\t\t\t\t\t\t\t\t\t\t<\/div>\n\t\t\t\t<\/div>\n\t\t\t\t<\/div>\n\t\t\t\t<\/div>\n\t\t\t\t<\/div>\n\t\t\t\t<\/div>\n\t\t","protected":false},"excerpt":{"rendered":"<p>Donation Form Having trouble viewing our donation form? Click here! Don mensuel Rejoignez le Club Bienveillance de la Maison Ronald McDonald des Maritimes Donplanifi\u00e9 Offrez le don d\u2019\u00eatre ensemble aux familles des Maritimes.. Comment aider Donnez aujourd\u2019hui pour aider les familles des Maritimes. Suivez nous!<\/p>\n","protected":false},"author":10,"featured_media":0,"parent":0,"menu_order":0,"comment_status":"closed","ping_status":"closed","template":"","meta":{"footnotes":""},"class_list":["post-6536","page","type-page","status-publish","hentry"],"_links":{"self":[{"href":"https:\/\/ronaldmcdonaldhousemaritimes.ca\/fr\/wp-json\/wp\/v2\/pages\/6536","targetHints":{"allow":["GET"]}}],"collection":[{"href":"https:\/\/ronaldmcdonaldhousemaritimes.ca\/fr\/wp-json\/wp\/v2\/pages"}],"about":[{"href":"https:\/\/ronaldmcdonaldhousemaritimes.ca\/fr\/wp-json\/wp\/v2\/types\/page"}],"author":[{"embeddable":true,"href":"https:\/\/ronaldmcdonaldhousemaritimes.ca\/fr\/wp-json\/wp\/v2\/users\/10"}],"replies":[{"embeddable":true,"href":"https:\/\/ronaldmcdonaldhousemaritimes.ca\/fr\/wp-json\/wp\/v2\/comments?post=6536"}],"version-history":[{"count":0,"href":"https:\/\/ronaldmcdonaldhousemaritimes.ca\/fr\/wp-json\/wp\/v2\/pages\/6536\/revisions"}],"wp:attachment":[{"href":"https:\/\/ronaldmcdonaldhousemaritimes.ca\/fr\/wp-json\/wp\/v2\/media?parent=6536"}],"curies":[{"name":"wp","href":"https:\/\/api.w.org\/{rel}","templated":true}]}}