{"id":6875,"date":"2025-08-19T10:13:14","date_gmt":"2025-08-19T15:13:14","guid":{"rendered":"https:\/\/ronaldmcdonaldhousemaritimes.ca\/?page_id=6875"},"modified":"2025-11-26T15:59:29","modified_gmt":"2025-11-26T21:59:29","slug":"conditions-dutilisation","status":"publish","type":"page","link":"https:\/\/ronaldmcdonaldhousemaritimes.ca\/fr\/conditions-dutilisation\/","title":{"rendered":"Conditions d\u2019utilisation"},"content":{"rendered":"\t\t<div data-elementor-type=\"wp-page\" data-elementor-id=\"6875\" class=\"elementor elementor-6875 elementor-2623\" data-elementor-post-type=\"page\">\n\t\t\t\t<div class=\"elementor-element elementor-element-4f2b77d e-con-full e-flex e-con e-parent\" data-id=\"4f2b77d\" data-element_type=\"container\">\n\t\t<div class=\"elementor-element elementor-element-83747a2 e-con-full e-flex e-con e-child\" data-id=\"83747a2\" data-element_type=\"container\">\n\t\t\t\t<div class=\"elementor-element elementor-element-136d25b elementor-widget elementor-widget-heading\" data-id=\"136d25b\" data-element_type=\"widget\" data-widget_type=\"heading.default\">\n\t\t\t\t\t<h1 class=\"elementor-heading-title elementor-size-default\">Conditions d\u2019utilisation<span style=\"letter-spacing: -0.2px\"><\/span><\/h1>\t\t\t\t<\/div>\n\t\t\t\t<\/div>\n\t\t<div class=\"elementor-element elementor-element-9ccf8e0 e-con-full e-flex e-con e-child\" data-id=\"9ccf8e0\" data-element_type=\"container\">\n\t\t\t\t<\/div>\n\t\t\t\t<\/div>\n\t\t<div class=\"elementor-element elementor-element-7ddfdb90 e-flex e-con-boxed e-con e-parent\" data-id=\"7ddfdb90\" data-element_type=\"container\">\n\t\t\t\t\t<div class=\"e-con-inner\">\n\t\t<div class=\"elementor-element elementor-element-2ae14d1a e-con-full e-flex e-con e-child\" data-id=\"2ae14d1a\" data-element_type=\"container\">\n\t\t\t\t<div class=\"elementor-element elementor-element-2425cd2b elementor-widget elementor-widget-text-editor\" data-id=\"2425cd2b\" data-element_type=\"widget\" data-widget_type=\"text-editor.default\">\n\t\t\t\t\t\t\t\t\t<h2><b>Conditions d\u2019utilisation<\/b><\/h2><p class=\"p1\">Ces conditions d\u2019utilisation r\u00e9gissent votre utilisation du site Web situ\u00e9 \u00e0 l\u2019adresse https:\/\/www.ronaldmcdonaldhousemaritimes.ca ainsi que de tous les services connexes fournis par Ronald McDonald House Maritimes.<\/p><p class=\"p1\">En acc\u00e9dant \u00e0 https:\/\/www.ronaldmcdonaldhousemaritimes.ca, vous acceptez de vous conformer \u00e0 ces conditions d\u2019utilisation et \u00e0 toutes les lois et r\u00e9glementations applicables. Si vous n\u2019\u00eates pas d\u2019accord avec ces conditions, vous n\u2019\u00eates pas autoris\u00e9 \u00e0 utiliser ou \u00e0 acc\u00e9der \u00e0 ce site Web ni \u00e0 utiliser tout autre service fourni par Ronald McDonald House Maritimes.<\/p><p class=\"p1\">Nous, Ronald McDonald House Maritimes, nous r\u00e9servons le droit de r\u00e9viser et de modifier ces conditions d\u2019utilisation \u00e0 notre seule discr\u00e9tion. En cas de modification, cette page sera mise \u00e0 jour. Toute modification entre en vigueur imm\u00e9diatement \u00e0 la date de publication.<\/p><p class=\"p1\">Ces conditions d\u2019utilisation ont \u00e9t\u00e9 mises \u00e0 jour pour la derni\u00e8re fois le <span class=\"s1\"><b>26 novembre 2025<\/b><\/span>.<\/p><h2><b>Limitations d\u2019utilisation<\/b><\/h2><p class=\"p1\">En utilisant ce site Web, vous garantissez en votre nom, au nom de vos utilisateurs et de toute autre partie que vous repr\u00e9sentez, que vous vous abstiendrez de :<\/p><ul><li><p class=\"p1\">modifier, copier, cr\u00e9er des \u0153uvres d\u00e9riv\u00e9es, d\u00e9compiler ou d\u00e9sosser tout mat\u00e9riel ou logiciel contenu sur ce site Web ;<\/p><\/li><li><p class=\"p1\">supprimer tout avis de droit d\u2019auteur ou toute autre mention de propri\u00e9t\u00e9 du mat\u00e9riel ou logiciel sur ce site Web ;<\/p><\/li><li><p class=\"p1\">transf\u00e9rer les mat\u00e9riaux \u00e0 une autre personne ou les dupliquer (\u00ab mirroring \u00bb) sur un autre serveur ;<\/p><\/li><li><p class=\"p1\">utiliser d\u00e9lib\u00e9r\u00e9ment ou par n\u00e9gligence ce site Web ou ses services connexes d\u2019une mani\u00e8re qui perturbe nos r\u00e9seaux ou tout autre service fourni par Ronald McDonald House Maritimes ;<\/p><\/li><li><p class=\"p1\">transmettre ou publier via ce site Web tout contenu harcelant, ind\u00e9cent, obsc\u00e8ne, frauduleux ou ill\u00e9gal ;<\/p><\/li><li><p class=\"p1\">utiliser ce site Web en violation de toute loi ou r\u00e9glementation applicable ;<\/p><\/li><li><p class=\"p1\">envoyer de la publicit\u00e9 non autoris\u00e9e ou du courrier ind\u00e9sirable (spam) ;<\/p><\/li><li><p class=\"p1\">collecter ou extraire les donn\u00e9es des utilisateurs sans leur consentement ;<\/p><\/li><li><p class=\"p1\">utiliser ce site Web de mani\u00e8re \u00e0 porter atteinte \u00e0 la vie priv\u00e9e, aux droits de propri\u00e9t\u00e9 intellectuelle ou \u00e0 tout autre droit de tiers.<\/p><\/li><\/ul><h2><b>Propri\u00e9t\u00e9 intellectuelle<\/b><\/h2><p class=\"p1\">Les droits de propri\u00e9t\u00e9 intellectuelle sur le contenu de ce site Web sont d\u00e9tenus ou conc\u00e9d\u00e9s sous licence \u00e0 Ronald McDonald House Maritimes et sont prot\u00e9g\u00e9s par les lois canadiennes sur le droit d\u2019auteur et les marques de commerce. Nous accordons aux utilisateurs l\u2019autorisation de t\u00e9l\u00e9charger une copie du contenu \u00e0 des fins personnelles et non commerciales, pour un usage temporaire.<\/p><p class=\"p1\">Cette autorisation constitue une licence, et non un transfert de titre. La licence est automatiquement r\u00e9voqu\u00e9e si vous enfreignez l\u2019une de ces restrictions ou ces conditions, et peut \u00eatre r\u00e9sili\u00e9e \u00e0 tout moment par Ronald McDonald House Maritimes.<\/p><h2><b>Responsabilit\u00e9<\/b><\/h2><p class=\"p1\">Notre site Web et les mat\u00e9riaux qui s\u2019y trouvent sont fournis \u00ab tels quels \u00bb. Dans la mesure permise par la loi, Ronald McDonald House Maritimes n\u2019offre aucune garantie, explicite ou implicite, et d\u00e9cline toute autre garantie, y compris, sans s\u2019y limiter, les garanties implicites de qualit\u00e9 marchande, d\u2019ad\u00e9quation \u00e0 un usage particulier ou d\u2019absence de contrefa\u00e7on.<\/p><p class=\"p1\">En aucun cas Ronald McDonald House Maritimes ou ses fournisseurs ne pourront \u00eatre tenus responsables de pertes cons\u00e9cutives ou indirectes subies par vous ou un tiers, d\u00e9coulant de l\u2019utilisation ou de l\u2019incapacit\u00e9 d\u2019utiliser ce site Web, m\u00eame si Ronald McDonald House Maritimes ou un repr\u00e9sentant autoris\u00e9 a \u00e9t\u00e9 inform\u00e9, oralement ou par \u00e9crit, de la possibilit\u00e9 de tels dommages.<\/p><p class=\"p1\">Par \u00ab perte cons\u00e9cutive \u00bb, on entend toute perte indirecte, perte r\u00e9elle ou anticip\u00e9e de profit, perte d\u2019avantages, de revenus, d\u2019affaires, d\u2019image de marque, d\u2019opportunit\u00e9, d\u2019\u00e9conomies, de r\u00e9putation, d\u2019usage ou toute perte ou corruption de donn\u00e9es, en vertu d\u2019une loi, d\u2019un contrat, d\u2019un recours en \u00e9quit\u00e9, d\u2019un d\u00e9lit (y compris la n\u00e9gligence), d\u2019une indemnisation ou autre.<\/p><p class=\"p1\">Certaines juridictions n\u2019autorisant pas les exclusions de garanties implicites ou les limitations de responsabilit\u00e9, ces dispositions pourraient ne pas s\u2019appliquer \u00e0 vous.<\/p><h2><b>Exactitude des informations<\/b><\/h2><p class=\"p1\">Les informations figurant sur ce site Web sont fournies \u00e0 titre indicatif seulement et ne sont pas exhaustives. Ronald McDonald House Maritimes ne garantit pas l\u2019exactitude, les r\u00e9sultats probables ou la fiabilit\u00e9 de l\u2019utilisation des mat\u00e9riaux pr\u00e9sent\u00e9s sur ce site Web, ni celles de tout contenu li\u00e9 \u00e0 ce site.<\/p><h2><b>Liens<\/b><\/h2><p class=\"p1\">Ronald McDonald House Maritimes n\u2019a pas examin\u00e9 tous les sites li\u00e9s \u00e0 son site Web et n\u2019est pas responsable du contenu de ces sites. La pr\u00e9sence d\u2019un lien ne signifie pas une approbation, une autorisation ou un contr\u00f4le de la part de Ronald McDonald House Maritimes. L\u2019utilisation de ces liens se fait \u00e0 vos propres risques. Il vous revient de faire vos propres v\u00e9rifications quant \u00e0 la pertinence de ces sites.<\/p><h2><b>Droit de r\u00e9siliation<\/b><\/h2><p class=\"p1\">Nous pouvons suspendre ou r\u00e9silier votre droit d\u2019utilisation de notre site Web et mettre fin \u00e0 ces conditions d\u2019utilisation sur avis \u00e9crit imm\u00e9diat en cas de non-respect de l\u2019une quelconque de ces conditions.<\/p><h2><b>Divisibilit\u00e9<\/b><\/h2><p class=\"p1\">Si l\u2019une des clauses de ces conditions est jug\u00e9e nulle ou inapplicable, cette clause sera retir\u00e9e dans la mesure n\u00e9cessaire, sans affecter la validit\u00e9 du reste des conditions.<\/p><h2><b>Droit applicable<\/b><\/h2><p class=\"p1\">Ces conditions sont r\u00e9gies par les lois du <span class=\"s1\"><b>Canada<\/b><\/span>. Vous acceptez irr\u00e9vocablement de vous soumettre \u00e0 la comp\u00e9tence exclusive des tribunaux situ\u00e9s dans cette province ou r\u00e9gion.<\/p>\t\t\t\t\t\t\t\t<\/div>\n\t\t\t\t<\/div>\n\t\t\t\t\t<\/div>\n\t\t\t\t<\/div>\n\t\t\t\t<\/div>\n\t\t","protected":false},"excerpt":{"rendered":"<p>Conditions d\u2019utilisation Conditions d\u2019utilisation Ces conditions d\u2019utilisation r\u00e9gissent votre utilisation du site Web situ\u00e9 \u00e0 l\u2019adresse https:\/\/www.ronaldmcdonaldhousemaritimes.ca ainsi que de tous les services connexes fournis par Ronald McDonald House Maritimes. En acc\u00e9dant \u00e0 https:\/\/www.ronaldmcdonaldhousemaritimes.ca, vous acceptez de vous conformer \u00e0 ces conditions d\u2019utilisation et \u00e0 toutes les lois et r\u00e9glementations applicables. Si vous n\u2019\u00eates pas [&hellip;]<\/p>\n","protected":false},"author":2,"featured_media":0,"parent":0,"menu_order":0,"comment_status":"closed","ping_status":"closed","template":"","meta":{"footnotes":""},"class_list":["post-6875","page","type-page","status-publish","hentry"],"_links":{"self":[{"href":"https:\/\/ronaldmcdonaldhousemaritimes.ca\/fr\/wp-json\/wp\/v2\/pages\/6875","targetHints":{"allow":["GET"]}}],"collection":[{"href":"https:\/\/ronaldmcdonaldhousemaritimes.ca\/fr\/wp-json\/wp\/v2\/pages"}],"about":[{"href":"https:\/\/ronaldmcdonaldhousemaritimes.ca\/fr\/wp-json\/wp\/v2\/types\/page"}],"author":[{"embeddable":true,"href":"https:\/\/ronaldmcdonaldhousemaritimes.ca\/fr\/wp-json\/wp\/v2\/users\/2"}],"replies":[{"embeddable":true,"href":"https:\/\/ronaldmcdonaldhousemaritimes.ca\/fr\/wp-json\/wp\/v2\/comments?post=6875"}],"version-history":[{"count":0,"href":"https:\/\/ronaldmcdonaldhousemaritimes.ca\/fr\/wp-json\/wp\/v2\/pages\/6875\/revisions"}],"wp:attachment":[{"href":"https:\/\/ronaldmcdonaldhousemaritimes.ca\/fr\/wp-json\/wp\/v2\/media?parent=6875"}],"curies":[{"name":"wp","href":"https:\/\/api.w.org\/{rel}","templated":true}]}}