{"id":6883,"date":"2025-11-27T10:45:57","date_gmt":"2025-11-27T16:45:57","guid":{"rendered":"https:\/\/ronaldmcdonaldhousemaritimes.ca\/?page_id=6883"},"modified":"2025-11-27T11:46:06","modified_gmt":"2025-11-27T17:46:06","slug":"sample-page-french","status":"publish","type":"page","link":"https:\/\/ronaldmcdonaldhousemaritimes.ca\/fr\/sample-page-french\/","title":{"rendered":"Sample Page FRENCH"},"content":{"rendered":"\t\t<div data-elementor-type=\"wp-page\" data-elementor-id=\"6883\" class=\"elementor elementor-6883\" data-elementor-post-type=\"page\">\n\t\t\t\t<div class=\"elementor-element elementor-element-5cfa156b e-con-full e-flex e-con e-parent\" data-id=\"5cfa156b\" data-element_type=\"container\">\n\t\t\t\t<div class=\"elementor-element elementor-element-6e04cec9 elementor-widget__width-initial elementor-hidden-mobile elementor-widget elementor-widget-image\" data-id=\"6e04cec9\" data-element_type=\"widget\" data-widget_type=\"image.default\">\n\t\t\t\t\t\t\t\t\t\t\t\t\t\t\t<img fetchpriority=\"high\" decoding=\"async\" width=\"1450\" height=\"620\" src=\"https:\/\/ronaldmcdonaldhousemaritimes.ca\/wp-content\/uploads\/Temp_Photo_1450.webp\" class=\"attachment-full size-full wp-image-5407\" alt=\"Photo temporaire d&#039;un arri\u00e8re-plan flou et sp\u00e9cifications\" srcset=\"https:\/\/ronaldmcdonaldhousemaritimes.ca\/wp-content\/uploads\/Temp_Photo_1450.webp 1450w, https:\/\/ronaldmcdonaldhousemaritimes.ca\/wp-content\/uploads\/Temp_Photo_1450-150x64.webp 150w, https:\/\/ronaldmcdonaldhousemaritimes.ca\/wp-content\/uploads\/Temp_Photo_1450-768x328.webp 768w\" sizes=\"(max-width: 1450px) 100vw, 1450px\" \/>\t\t\t\t\t\t\t\t\t\t\t\t\t\t\t<\/div>\n\t\t\t\t<div class=\"elementor-element elementor-element-68b736e2 elementor-hidden-desktop elementor-hidden-tablet elementor-widget elementor-widget-image\" data-id=\"68b736e2\" data-element_type=\"widget\" data-widget_type=\"image.default\">\n\t\t\t\t\t\t\t\t\t\t\t\t\t\t\t<img decoding=\"async\" width=\"1000\" height=\"850\" src=\"https:\/\/ronaldmcdonaldhousemaritimes.ca\/wp-content\/uploads\/Temp_Photo_1000.webp\" class=\"attachment-full size-full wp-image-5892\" alt=\"Photo for temp use that is 1000 pix wide\" srcset=\"https:\/\/ronaldmcdonaldhousemaritimes.ca\/wp-content\/uploads\/Temp_Photo_1000.webp 1000w, https:\/\/ronaldmcdonaldhousemaritimes.ca\/wp-content\/uploads\/Temp_Photo_1000-150x128.webp 150w, https:\/\/ronaldmcdonaldhousemaritimes.ca\/wp-content\/uploads\/Temp_Photo_1000-768x653.webp 768w\" sizes=\"(max-width: 1000px) 100vw, 1000px\" \/>\t\t\t\t\t\t\t\t\t\t\t\t\t\t\t<\/div>\n\t\t\t\t<\/div>\n\t\t<div class=\"elementor-element elementor-element-3a5b180b e-con-full e-flex e-con e-parent\" data-id=\"3a5b180b\" data-element_type=\"container\">\n\t\t<div class=\"elementor-element elementor-element-54b20229 e-con-full e-flex e-con e-child\" data-id=\"54b20229\" data-element_type=\"container\">\n\t\t\t\t<div class=\"elementor-element elementor-element-4b976936 elementor-widget elementor-widget-heading\" data-id=\"4b976936\" data-element_type=\"widget\" data-widget_type=\"heading.default\">\n\t\t\t\t\t<h1 class=\"elementor-heading-title elementor-size-default\">Page Title Here<\/h1>\t\t\t\t<\/div>\n\t\t\t\t<div class=\"elementor-element elementor-element-77733576 elementor-widget elementor-widget-text-editor\" data-id=\"77733576\" data-element_type=\"widget\" data-widget_type=\"text-editor.default\">\n\t\t\t\t\t\t\t\t\t<p>Lorem ipsum dolor sit amet, consectetur <a href=\"#\">adipiscing elit<\/a>. Ut elit tellus, lu ctus nec ullamcorper mattis, pulvinar dap.<\/p>\t\t\t\t\t\t\t\t<\/div>\n\t\t\t\t<\/div>\n\t\t<div class=\"elementor-element elementor-element-6d1604b8 e-con-full e-flex e-con e-child\" data-id=\"6d1604b8\" data-element_type=\"container\">\n\t\t\t\t<\/div>\n\t\t\t\t<\/div>\n\t\t<div class=\"elementor-element elementor-element-ceaab3e e-flex e-con-boxed e-con e-parent\" data-id=\"ceaab3e\" data-element_type=\"container\">\n\t\t\t\t\t<div class=\"e-con-inner\">\n\t\t<div class=\"elementor-element elementor-element-3e589efe e-con-full e-flex e-con e-child\" data-id=\"3e589efe\" data-element_type=\"container\">\n\t\t\t\t<div class=\"elementor-element elementor-element-9cbd06 elementor-widget elementor-widget-heading\" data-id=\"9cbd06\" data-element_type=\"widget\" data-widget_type=\"heading.default\">\n\t\t\t\t\t<h2 class=\"elementor-heading-title elementor-size-default\">This will be a heading<\/h2>\t\t\t\t<\/div>\n\t\t\t\t<div class=\"elementor-element elementor-element-1ef0672c elementor-widget elementor-widget-text-editor\" data-id=\"1ef0672c\" data-element_type=\"widget\" data-widget_type=\"text-editor.default\">\n\t\t\t\t\t\t\t\t\t<p>Lorem ipsum dolor sit amet, consectetur <a href=\"#\">adipiscing elit<\/a>. Ut elit tellus, lu ctus nec ullamcorper mattis, pulvinar dapibus leo. Lluctus nec ullamc orper mattis, pul vinar dapibus leo. Lorem ipsum dolor sit amet, consectetur <a href=\"#\">adipiscing elit<\/a>. Ut elit tellus, luctus nec ullamco rper mattis, pulvinar dapibus leo. Lluctus nec ullamcorper mattis, pulvinar luctus nec ullam corper mattis, pulvinar dapibus leo. Lluctus nec ullamcorper mattis, pulvinar dapibus leo. dapibus leo.\u00a0<\/p>\t\t\t\t\t\t\t\t<\/div>\n\t\t\t\t<div class=\"elementor-element elementor-element-3ad148d5 elementor-mobile-align-justify elementor-widget elementor-widget-button\" data-id=\"3ad148d5\" data-element_type=\"widget\" data-widget_type=\"button.default\">\n\t\t\t\t\t\t\t\t\t\t<a class=\"elementor-button elementor-button-link elementor-size-sm\" href=\"#\">\n\t\t\t\t\t\t<span class=\"elementor-button-content-wrapper\">\n\t\t\t\t\t\t\t\t\t<span class=\"elementor-button-text\">Learn about our diversity<\/span>\n\t\t\t\t\t<\/span>\n\t\t\t\t\t<\/a>\n\t\t\t\t\t\t\t\t<\/div>\n\t\t\t\t<\/div>\n\t\t<div class=\"elementor-element elementor-element-27f6bd2f e-con-full e-flex e-con e-child\" data-id=\"27f6bd2f\" data-element_type=\"container\">\n\t\t\t\t<\/div>\n\t\t\t\t\t<\/div>\n\t\t\t\t<\/div>\n\t\t<div class=\"elementor-element elementor-element-2377cdc e-flex e-con-boxed e-con e-parent\" data-id=\"2377cdc\" data-element_type=\"container\" data-settings=\"{&quot;background_background&quot;:&quot;classic&quot;}\">\n\t\t\t\t\t<div class=\"e-con-inner\">\n\t\t<div class=\"elementor-element elementor-element-23d639e e-con-full e-flex e-con e-child\" data-id=\"23d639e\" data-element_type=\"container\">\n\t\t\t\t<div class=\"elementor-element elementor-element-9d0b0d3 elementor-widget elementor-widget-text-editor\" data-id=\"9d0b0d3\" data-element_type=\"widget\" data-widget_type=\"text-editor.default\">\n\t\t\t\t\t\t\t\t\t<p>Lorem ipsum dolor sit amet, consectetur <a href=\"#\">adipiscing elit<\/a>. Ut elit tellus, lu ctus nec ullamcorper mattis, pulvinar dapibus leo. Lluctus nec ullamc orper mattis, pul vinar dapibus leo. Lorem ipsum dolor sit amet, consectetur <a href=\"#\">adipiscing elit<\/a>. Ut elit tellus, luctus nec ullamco rper mattis, pulvinar dapibus leo. Lluctus nec ullamcorper mattis, pulvinar luctus nec ullam corper mattis, pulvinar dapibus leo. Lluctus nec ullamcorper mattis, pulvinar dapibus leo. dapibus leo.\u00a0<\/p>\t\t\t\t\t\t\t\t<\/div>\n\t\t\t\t<\/div>\n\t\t<div class=\"elementor-element elementor-element-51d1c5d e-con-full e-flex e-con e-child\" data-id=\"51d1c5d\" data-element_type=\"container\">\n\t\t\t\t<div class=\"elementor-element elementor-element-d7f8663 elementor-widget elementor-widget-image\" data-id=\"d7f8663\" data-element_type=\"widget\" data-widget_type=\"image.default\">\n\t\t\t\t\t\t\t\t\t\t\t\t\t\t\t<img decoding=\"async\" width=\"1000\" height=\"850\" src=\"https:\/\/ronaldmcdonaldhousemaritimes.ca\/wp-content\/uploads\/MG_5719-1-1536x1154-1-1000.png\" class=\"attachment-full size-full wp-image-6080\" alt=\"\" srcset=\"https:\/\/ronaldmcdonaldhousemaritimes.ca\/wp-content\/uploads\/MG_5719-1-1536x1154-1-1000.png 1000w, https:\/\/ronaldmcdonaldhousemaritimes.ca\/wp-content\/uploads\/MG_5719-1-1536x1154-1-1000-150x128.png 150w, https:\/\/ronaldmcdonaldhousemaritimes.ca\/wp-content\/uploads\/MG_5719-1-1536x1154-1-1000-768x653.png 768w\" sizes=\"(max-width: 1000px) 100vw, 1000px\" \/>\t\t\t\t\t\t\t\t\t\t\t\t\t\t\t<\/div>\n\t\t\t\t<\/div>\n\t\t\t\t\t<\/div>\n\t\t\t\t<\/div>\n\t\t<div class=\"elementor-element elementor-element-0f47b0b e-flex e-con-boxed e-con e-parent\" data-id=\"0f47b0b\" data-element_type=\"container\" data-settings=\"{&quot;background_background&quot;:&quot;classic&quot;}\">\n\t\t\t\t\t<div class=\"e-con-inner\">\n\t\t<a class=\"elementor-element elementor-element-d023cbc e-con-full aminate-icon-on-hover e-flex e-con e-child\" data-id=\"d023cbc\" data-element_type=\"container\" href=\"https:\/\/ronaldmcdonaldhousemaritimes.ca\/donate\/\">\n\t\t<div class=\"elementor-element elementor-element-74a3255 e-con-full e-flex e-con e-child\" data-id=\"74a3255\" data-element_type=\"container\">\n\t\t\t\t<div class=\"elementor-element elementor-element-d766eae elementor-widget elementor-widget-image\" data-id=\"d766eae\" data-element_type=\"widget\" data-widget_type=\"image.default\">\n\t\t\t\t\t\t\t\t\t\t\t\t\t\t\t<img loading=\"lazy\" decoding=\"async\" width=\"576\" height=\"576\" src=\"https:\/\/ronaldmcdonaldhousemaritimes.ca\/wp-content\/uploads\/RMH_icons_Host_fundraiser_RGB.webp\" class=\"attachment-large size-large wp-image-5234\" alt=\"Hand drawn icon of money with heart\" srcset=\"https:\/\/ronaldmcdonaldhousemaritimes.ca\/wp-content\/uploads\/RMH_icons_Host_fundraiser_RGB.webp 576w, https:\/\/ronaldmcdonaldhousemaritimes.ca\/wp-content\/uploads\/RMH_icons_Host_fundraiser_RGB-150x150.webp 150w\" sizes=\"(max-width: 576px) 100vw, 576px\" \/>\t\t\t\t\t\t\t\t\t\t\t\t\t\t\t<\/div>\n\t\t\t\t<\/div>\n\t\t<div class=\"elementor-element elementor-element-13087d6 e-con-full e-flex e-con e-child\" data-id=\"13087d6\" data-element_type=\"container\">\n\t\t\t\t<div class=\"elementor-element elementor-element-e1ba224 animate-icon-zoom elementor-widget elementor-widget-heading\" data-id=\"e1ba224\" data-element_type=\"widget\" data-widget_type=\"heading.default\">\n\t\t\t\t\t<h2 class=\"elementor-heading-title elementor-size-default\">Lorem<\/h2>\t\t\t\t<\/div>\n\t\t\t\t<div class=\"elementor-element elementor-element-e613042 elementor-view-default elementor-widget elementor-widget-icon\" data-id=\"e613042\" data-element_type=\"widget\" data-widget_type=\"icon.default\">\n\t\t\t\t\t\t\t<div class=\"elementor-icon-wrapper\">\n\t\t\t<div class=\"elementor-icon\">\n\t\t\t<svg xmlns=\"http:\/\/www.w3.org\/2000\/svg\" id=\"Layer_2\" data-name=\"Layer 2\" viewBox=\"0 0 51.04 36.78\"><g id=\"Layer_1-2\" data-name=\"Layer 1\"><polygon points=\"35 12.99 25 0 35.3 .19 51.04 18.49 35.29 36.78 24.99 36.48 35 22.99 0 22.99 0 12.99 35 12.99\"><\/polygon><\/g><\/svg>\t\t\t<\/div>\n\t\t<\/div>\n\t\t\t\t\t\t<\/div>\n\t\t\t\t<\/div>\n\t\t\t\t<\/a>\n\t\t<a class=\"elementor-element elementor-element-b35b936 e-con-full aminate-icon-on-hover e-flex e-con e-child\" data-id=\"b35b936\" data-element_type=\"container\" href=\"https:\/\/ronaldmcdonaldhousemaritimes.ca\/get-involved\/\">\n\t\t<div class=\"elementor-element elementor-element-c02ee92 e-con-full e-flex e-con e-child\" data-id=\"c02ee92\" data-element_type=\"container\">\n\t\t\t\t<div class=\"elementor-element elementor-element-37168e8 elementor-widget elementor-widget-image\" data-id=\"37168e8\" data-element_type=\"widget\" data-widget_type=\"image.default\">\n\t\t\t\t\t\t\t\t\t\t\t\t\t\t\t<img loading=\"lazy\" decoding=\"async\" width=\"576\" height=\"576\" src=\"https:\/\/ronaldmcdonaldhousemaritimes.ca\/wp-content\/uploads\/RMH_icons_Volunteers_RGB.webp\" class=\"attachment-large size-large wp-image-5235\" alt=\"Hand drawn icon of hand with hearts\" srcset=\"https:\/\/ronaldmcdonaldhousemaritimes.ca\/wp-content\/uploads\/RMH_icons_Volunteers_RGB.webp 576w, https:\/\/ronaldmcdonaldhousemaritimes.ca\/wp-content\/uploads\/RMH_icons_Volunteers_RGB-150x150.webp 150w\" sizes=\"(max-width: 576px) 100vw, 576px\" \/>\t\t\t\t\t\t\t\t\t\t\t\t\t\t\t<\/div>\n\t\t\t\t<\/div>\n\t\t<div class=\"elementor-element elementor-element-af96d8b e-con-full e-flex e-con e-child\" data-id=\"af96d8b\" data-element_type=\"container\">\n\t\t\t\t<div class=\"elementor-element elementor-element-95119c1 animate-icon-zoom elementor-widget elementor-widget-heading\" data-id=\"95119c1\" data-element_type=\"widget\" data-widget_type=\"heading.default\">\n\t\t\t\t\t<h2 class=\"elementor-heading-title elementor-size-default\">Ipsum<\/h2>\t\t\t\t<\/div>\n\t\t\t\t<div class=\"elementor-element elementor-element-ea589ba elementor-view-default elementor-widget elementor-widget-icon\" data-id=\"ea589ba\" data-element_type=\"widget\" data-widget_type=\"icon.default\">\n\t\t\t\t\t\t\t<div class=\"elementor-icon-wrapper\">\n\t\t\t<div class=\"elementor-icon\">\n\t\t\t<svg xmlns=\"http:\/\/www.w3.org\/2000\/svg\" id=\"Layer_2\" data-name=\"Layer 2\" viewBox=\"0 0 51.04 36.78\"><g id=\"Layer_1-2\" data-name=\"Layer 1\"><polygon points=\"35 12.99 25 0 35.3 .19 51.04 18.49 35.29 36.78 24.99 36.48 35 22.99 0 22.99 0 12.99 35 12.99\"><\/polygon><\/g><\/svg>\t\t\t<\/div>\n\t\t<\/div>\n\t\t\t\t\t\t<\/div>\n\t\t\t\t<\/div>\n\t\t\t\t<\/a>\n\t\t<a class=\"elementor-element elementor-element-57f2265 e-con-full aminate-icon-on-hover e-flex e-con e-child\" data-id=\"57f2265\" data-element_type=\"container\" href=\"https:\/\/ronaldmcdonaldhousemaritimes.ca\/our-programs\/stay\/\">\n\t\t<div class=\"elementor-element elementor-element-446e77f e-con-full e-flex e-con e-child\" data-id=\"446e77f\" data-element_type=\"container\">\n\t\t\t\t<div class=\"elementor-element elementor-element-b040c34 elementor-widget elementor-widget-image\" data-id=\"b040c34\" data-element_type=\"widget\" data-widget_type=\"image.default\">\n\t\t\t\t\t\t\t\t\t\t\t\t\t\t\t<img loading=\"lazy\" decoding=\"async\" width=\"576\" height=\"576\" src=\"https:\/\/ronaldmcdonaldhousemaritimes.ca\/wp-content\/uploads\/RMH_icons_RMH_House_Program_RGB.webp\" class=\"attachment-large size-large wp-image-5236\" alt=\"Hand drawn icon of house\" srcset=\"https:\/\/ronaldmcdonaldhousemaritimes.ca\/wp-content\/uploads\/RMH_icons_RMH_House_Program_RGB.webp 576w, https:\/\/ronaldmcdonaldhousemaritimes.ca\/wp-content\/uploads\/RMH_icons_RMH_House_Program_RGB-150x150.webp 150w\" sizes=\"(max-width: 576px) 100vw, 576px\" \/>\t\t\t\t\t\t\t\t\t\t\t\t\t\t\t<\/div>\n\t\t\t\t<\/div>\n\t\t<div class=\"elementor-element elementor-element-93c5fac e-con-full e-flex e-con e-child\" data-id=\"93c5fac\" data-element_type=\"container\">\n\t\t\t\t<div class=\"elementor-element elementor-element-c44fe3c animate-icon-zoom elementor-widget elementor-widget-heading\" data-id=\"c44fe3c\" data-element_type=\"widget\" data-widget_type=\"heading.default\">\n\t\t\t\t\t<h2 class=\"elementor-heading-title elementor-size-default\">Dolor<\/h2>\t\t\t\t<\/div>\n\t\t\t\t<div class=\"elementor-element elementor-element-68ff0c7 elementor-view-default elementor-widget elementor-widget-icon\" data-id=\"68ff0c7\" data-element_type=\"widget\" data-widget_type=\"icon.default\">\n\t\t\t\t\t\t\t<div class=\"elementor-icon-wrapper\">\n\t\t\t<div class=\"elementor-icon\">\n\t\t\t<svg xmlns=\"http:\/\/www.w3.org\/2000\/svg\" id=\"Layer_2\" data-name=\"Layer 2\" viewBox=\"0 0 51.04 36.78\"><g id=\"Layer_1-2\" data-name=\"Layer 1\"><polygon points=\"35 12.99 25 0 35.3 .19 51.04 18.49 35.29 36.78 24.99 36.48 35 22.99 0 22.99 0 12.99 35 12.99\"><\/polygon><\/g><\/svg>\t\t\t<\/div>\n\t\t<\/div>\n\t\t\t\t\t\t<\/div>\n\t\t\t\t<\/div>\n\t\t\t\t<\/a>\n\t\t\t\t\t<\/div>\n\t\t\t\t<\/div>\n\t\t<div class=\"elementor-element elementor-element-e3c637d e-flex e-con-boxed e-con e-parent\" data-id=\"e3c637d\" data-element_type=\"container\" data-settings=\"{&quot;background_background&quot;:&quot;classic&quot;}\">\n\t\t\t\t\t<div class=\"e-con-inner\">\n\t\t<div class=\"elementor-element elementor-element-15d4a45 e-con-full e-flex e-con e-child\" data-id=\"15d4a45\" data-element_type=\"container\">\n\t\t\t\t<div class=\"elementor-element elementor-element-04c5505 elementor-widget elementor-widget-heading\" data-id=\"04c5505\" data-element_type=\"widget\" data-widget_type=\"heading.default\">\n\t\t\t\t\t<h2 class=\"elementor-heading-title elementor-size-default\">This will be a heading<\/h2>\t\t\t\t<\/div>\n\t\t\t\t<div class=\"elementor-element elementor-element-c475066 elementor-widget elementor-widget-text-editor\" data-id=\"c475066\" data-element_type=\"widget\" data-widget_type=\"text-editor.default\">\n\t\t\t\t\t\t\t\t\t<p>\u00a0ullamcorper mattis, pulvinar dapibus leo. Lluctus nec ullamc orper mattis, pul vinar dapibus leo. Lorem ipsum dolor sit amet, consectetur <a href=\"#\">adipiscing elit<\/a>. Ut elit tellus, luctus nec ullamco rper mattis, pulvinar dapibus leo. Lluctus nec ullamcorper mattis, pulvinar luctus nec ullam corper mattis, pulvinar dapibus leo. Lluctus nec ullamcorper mattis, pulvinar dapibus leo. dapibus leo.\u00a0<\/p>\t\t\t\t\t\t\t\t<\/div>\n\t\t\t\t<div class=\"elementor-element elementor-element-e82a4d3 elementor-mobile-align-justify elementor-widget elementor-widget-button\" data-id=\"e82a4d3\" data-element_type=\"widget\" data-widget_type=\"button.default\">\n\t\t\t\t\t\t\t\t\t\t<a class=\"elementor-button elementor-button-link elementor-size-sm\" href=\"#\">\n\t\t\t\t\t\t<span class=\"elementor-button-content-wrapper\">\n\t\t\t\t\t\t\t\t\t<span class=\"elementor-button-text\">Learn about our diversity<\/span>\n\t\t\t\t\t<\/span>\n\t\t\t\t\t<\/a>\n\t\t\t\t\t\t\t\t<\/div>\n\t\t\t\t<\/div>\n\t\t<div class=\"elementor-element elementor-element-fe85845 e-con-full e-flex e-con e-child\" data-id=\"fe85845\" data-element_type=\"container\">\n\t\t\t\t<div class=\"elementor-element elementor-element-5c3d90c elementor-widget elementor-widget-image\" data-id=\"5c3d90c\" data-element_type=\"widget\" data-widget_type=\"image.default\">\n\t\t\t\t\t\t\t\t\t\t\t\t\t\t\t<img decoding=\"async\" width=\"1000\" height=\"850\" src=\"https:\/\/ronaldmcdonaldhousemaritimes.ca\/wp-content\/uploads\/MG_5719-1-1536x1154-1-1000.png\" class=\"attachment-full size-full wp-image-6080\" alt=\"\" srcset=\"https:\/\/ronaldmcdonaldhousemaritimes.ca\/wp-content\/uploads\/MG_5719-1-1536x1154-1-1000.png 1000w, https:\/\/ronaldmcdonaldhousemaritimes.ca\/wp-content\/uploads\/MG_5719-1-1536x1154-1-1000-150x128.png 150w, https:\/\/ronaldmcdonaldhousemaritimes.ca\/wp-content\/uploads\/MG_5719-1-1536x1154-1-1000-768x653.png 768w\" sizes=\"(max-width: 1000px) 100vw, 1000px\" \/>\t\t\t\t\t\t\t\t\t\t\t\t\t\t\t<\/div>\n\t\t\t\t<\/div>\n\t\t\t\t\t<\/div>\n\t\t\t\t<\/div>\n\t\t<div class=\"elementor-element elementor-element-9841ce5 e-flex e-con-boxed e-con e-parent\" data-id=\"9841ce5\" data-element_type=\"container\" data-settings=\"{&quot;background_background&quot;:&quot;classic&quot;}\">\n\t\t\t\t\t<div class=\"e-con-inner\">\n\t\t<div class=\"elementor-element elementor-element-c27e5ff e-con-full e-flex e-con e-child\" data-id=\"c27e5ff\" data-element_type=\"container\">\n\t\t\t\t<div class=\"elementor-element elementor-element-ca56992 elementor-widget elementor-widget-image\" data-id=\"ca56992\" data-element_type=\"widget\" data-widget_type=\"image.default\">\n\t\t\t\t\t\t\t\t\t\t\t\t\t\t\t<img loading=\"lazy\" decoding=\"async\" width=\"576\" height=\"576\" src=\"https:\/\/ronaldmcdonaldhousemaritimes.ca\/wp-content\/uploads\/RMH_icons_Our_Impact_RGB.webp\" class=\"attachment-full size-full wp-image-5036\" alt=\"\u00c9toile rouge avec un c\u0153ur au centre et des lignes repr\u00e9sentant une action rayonnante\" srcset=\"https:\/\/ronaldmcdonaldhousemaritimes.ca\/wp-content\/uploads\/RMH_icons_Our_Impact_RGB.webp 576w, https:\/\/ronaldmcdonaldhousemaritimes.ca\/wp-content\/uploads\/RMH_icons_Our_Impact_RGB-150x150.webp 150w\" sizes=\"(max-width: 576px) 100vw, 576px\" \/>\t\t\t\t\t\t\t\t\t\t\t\t\t\t\t<\/div>\n\t\t\t\t<\/div>\n\t\t<div class=\"elementor-element elementor-element-ddea79a e-con-full e-flex e-con e-child\" data-id=\"ddea79a\" data-element_type=\"container\">\n\t\t\t\t<div class=\"elementor-element elementor-element-0bd9a23 elementor-widget elementor-widget-heading\" data-id=\"0bd9a23\" data-element_type=\"widget\" data-widget_type=\"heading.default\">\n\t\t\t\t\t<h2 class=\"elementor-heading-title elementor-size-default\">Lorem Ipsum<\/h2>\t\t\t\t<\/div>\n\t\t\t\t<div class=\"elementor-element elementor-element-bb7654d elementor-widget elementor-widget-text-editor\" data-id=\"bb7654d\" data-element_type=\"widget\" data-widget_type=\"text-editor.default\">\n\t\t\t\t\t\t\t\t\t<p>Lorem ipsum dolor sit amet, consectetur <a href=\"#\">adipiscing elit<\/a>. Ut elit tellus, lu ctus nec<\/p>\t\t\t\t\t\t\t\t<\/div>\n\t\t\t\t<div class=\"elementor-element elementor-element-5deeefd elementor-mobile-align-justify squircle-btn elementor-widget elementor-widget-button\" data-id=\"5deeefd\" data-element_type=\"widget\" data-widget_type=\"button.default\">\n\t\t\t\t\t\t\t\t\t\t<a class=\"elementor-button elementor-button-link elementor-size-sm\" href=\"https:\/\/ronaldmcdonaldhousemaritimes.ca\/fr\/nous-joindre\/\">\n\t\t\t\t\t\t<span class=\"elementor-button-content-wrapper\">\n\t\t\t\t\t\t\t\t\t<span class=\"elementor-button-text\">Learn More<\/span>\n\t\t\t\t\t<\/span>\n\t\t\t\t\t<\/a>\n\t\t\t\t\t\t\t\t<\/div>\n\t\t\t\t<\/div>\n\t\t\t\t\t<\/div>\n\t\t\t\t<\/div>\n\t\t<div class=\"elementor-element elementor-element-30a4079 e-con-full e-flex e-con e-parent\" data-id=\"30a4079\" data-element_type=\"container\">\n\t\t<div class=\"elementor-element elementor-element-11e9396 e-con-full e-flex e-con e-child\" data-id=\"11e9396\" data-element_type=\"container\" data-settings=\"{&quot;background_background&quot;:&quot;classic&quot;}\">\n\t\t<div class=\"elementor-element elementor-element-7d0126b e-con-full e-flex e-con e-child\" data-id=\"7d0126b\" data-element_type=\"container\">\n\t\t\t\t<div class=\"elementor-element elementor-element-5ca9886 elementor-widget elementor-widget-html\" data-id=\"5ca9886\" data-element_type=\"widget\" data-widget_type=\"html.default\">\n\t\t\t\t\t<!-- Begin Constant Contact Inline Form Code -->\n<div class=\"ctct-inline-form\" data-form-id=\"0d88ae06-ec6b-4e70-af38-d68db87c2596\"><\/div>\n<!-- End Constant Contact Inline Form Code -->\n\n<style>\n .ctct-form-embed.form_0 .ctct-form-defaults {\n  background: #FFBC0D;\n  color: black;\n\n}   \n    \n<\/style>\t\t\t\t<\/div>\n\t\t\t\t<\/div>\n\t\t<div class=\"elementor-element elementor-element-5a26e0f e-con-full e-flex e-con e-child\" data-id=\"5a26e0f\" data-element_type=\"container\">\n\t\t\t\t<div class=\"elementor-element elementor-element-a7d1b94 elementor-widget elementor-widget-heading\" data-id=\"a7d1b94\" data-element_type=\"widget\" data-widget_type=\"heading.default\">\n\t\t\t\t\t<h2 class=\"elementor-heading-title elementor-size-default\"><h2 data-elementor-setting-key=\"title\" data-pen-placeholder=\"Type Here...\" style=\", sans-serif;font-weight: 400;line-height: 38.4px;font-size: 32px;letter-spacing: -0.2px\">Suivez nous!<span style=\"letter-spacing: -0.2px\"><\/span><\/h2><\/h2>\t\t\t\t<\/div>\n\t\t<div class=\"elementor-element elementor-element-16d145d e-con-full e-flex e-con e-child\" data-id=\"16d145d\" data-element_type=\"container\">\n\t\t\t\t<div class=\"elementor-element elementor-element-dcc2f8d elementor-widget elementor-widget-image\" data-id=\"dcc2f8d\" data-element_type=\"widget\" data-widget_type=\"image.default\">\n\t\t\t\t\t\t\t\t\t\t\t\t\t\t\t\t<a href=\"https:\/\/www.linkedin.com\/company\/ronaldmcdonaldhousemaritimes\">\n\t\t\t\t\t\t\t<img decoding=\"async\" src=\"https:\/\/ronaldmcdonaldhousemaritimes.ca\/wp-content\/uploads\/RMHC_Social_Icon_Linked_In.svg\" title=\"RMHC_Social_Icon_Linked_In\" alt=\"Ic\u00f4ne de m\u00e9dias sociaux dessin\u00e9e \u00e0 la main pour RMH linked in\" class=\"elementor-animation-pulse\" loading=\"lazy\" \/>\t\t\t\t\t\t\t\t<\/a>\n\t\t\t\t\t\t\t\t\t\t\t\t\t\t\t<\/div>\n\t\t\t\t<div class=\"elementor-element elementor-element-0136759 social-icon-svg elementor-widget elementor-widget-image\" data-id=\"0136759\" data-element_type=\"widget\" data-widget_type=\"image.default\">\n\t\t\t\t\t\t\t\t\t\t\t\t\t\t\t\t<a href=\"https:\/\/www.facebook.com\/RonaldMcDonaldHouseMaritimes\/\">\n\t\t\t\t\t\t\t<img decoding=\"async\" src=\"https:\/\/ronaldmcdonaldhousemaritimes.ca\/wp-content\/uploads\/RMHC_Social_Icon_Facebook.svg\" title=\"RMHC_Social_Icon_Facebook\" alt=\"Ic\u00f4ne de m\u00e9dias sociaux dessin\u00e9e \u00e0 la main pour RMH face book\" class=\"elementor-animation-pulse\" loading=\"lazy\" \/>\t\t\t\t\t\t\t\t<\/a>\n\t\t\t\t\t\t\t\t\t\t\t\t\t\t\t<\/div>\n\t\t\t\t<div class=\"elementor-element elementor-element-16fb319 elementor-widget elementor-widget-image\" data-id=\"16fb319\" data-element_type=\"widget\" data-widget_type=\"image.default\">\n\t\t\t\t\t\t\t\t\t\t\t\t\t\t\t\t<a href=\"https:\/\/www.instagram.com\/ronaldmcdonaldhousemaritimes\/#\">\n\t\t\t\t\t\t\t<img decoding=\"async\" src=\"https:\/\/ronaldmcdonaldhousemaritimes.ca\/wp-content\/uploads\/RMHC_Social_Icon_Instagram.svg\" title=\"RMHC_Social_Icon_Instagram\" alt=\"Ic\u00f4ne de m\u00e9dias sociaux dessin\u00e9e \u00e0 la main pour RMH instagram\" class=\"elementor-animation-pulse\" loading=\"lazy\" \/>\t\t\t\t\t\t\t\t<\/a>\n\t\t\t\t\t\t\t\t\t\t\t\t\t\t\t<\/div>\n\t\t\t\t<\/div>\n\t\t\t\t<\/div>\n\t\t\t\t<\/div>\n\t\t\t\t<\/div>\n\t\t\t\t<\/div>\n\t\t","protected":false},"excerpt":{"rendered":"<p>Page Title Here Lorem ipsum dolor sit amet, consectetur adipiscing elit. Ut elit tellus, lu ctus nec ullamcorper mattis, pulvinar dap. This will be a heading Lorem ipsum dolor sit amet, consectetur adipiscing elit. Ut elit tellus, lu ctus nec ullamcorper mattis, pulvinar dapibus leo. Lluctus nec ullamc orper mattis, pul vinar dapibus leo. Lorem [&hellip;]<\/p>\n","protected":false},"author":2,"featured_media":0,"parent":0,"menu_order":0,"comment_status":"closed","ping_status":"closed","template":"","meta":{"footnotes":""},"class_list":["post-6883","page","type-page","status-publish","hentry"],"_links":{"self":[{"href":"https:\/\/ronaldmcdonaldhousemaritimes.ca\/fr\/wp-json\/wp\/v2\/pages\/6883","targetHints":{"allow":["GET"]}}],"collection":[{"href":"https:\/\/ronaldmcdonaldhousemaritimes.ca\/fr\/wp-json\/wp\/v2\/pages"}],"about":[{"href":"https:\/\/ronaldmcdonaldhousemaritimes.ca\/fr\/wp-json\/wp\/v2\/types\/page"}],"author":[{"embeddable":true,"href":"https:\/\/ronaldmcdonaldhousemaritimes.ca\/fr\/wp-json\/wp\/v2\/users\/2"}],"replies":[{"embeddable":true,"href":"https:\/\/ronaldmcdonaldhousemaritimes.ca\/fr\/wp-json\/wp\/v2\/comments?post=6883"}],"version-history":[{"count":0,"href":"https:\/\/ronaldmcdonaldhousemaritimes.ca\/fr\/wp-json\/wp\/v2\/pages\/6883\/revisions"}],"wp:attachment":[{"href":"https:\/\/ronaldmcdonaldhousemaritimes.ca\/fr\/wp-json\/wp\/v2\/media?parent=6883"}],"curies":[{"name":"wp","href":"https:\/\/api.w.org\/{rel}","templated":true}]}}